{"id":5430,"date":"2025-01-06T17:04:58","date_gmt":"2025-01-06T17:04:58","guid":{"rendered":"https:\/\/hubnpd.food\/datenschutzbestimmungen\/"},"modified":"2025-09-07T14:49:07","modified_gmt":"2025-09-07T14:49:07","slug":"datenschutzbestimmungen","status":"publish","type":"page","link":"https:\/\/hubnpd.food\/de\/datenschutzbestimmungen\/","title":{"rendered":"Datenschutzbestimmungen"},"content":{"rendered":"\t\t<div data-elementor-type=\"wp-page\" data-elementor-id=\"5430\" class=\"elementor elementor-5430 elementor-4281\">\n\t\t\t\t<div class=\"elementor-element elementor-element-dc1a2bc e-flex e-con-boxed e-con e-parent\" data-id=\"dc1a2bc\" data-element_type=\"container\">\n\t\t\t\t\t<div class=\"e-con-inner\">\n\t\t\t\t<div class=\"elementor-element elementor-element-be0a63f elementor-widget elementor-widget-text-editor\" data-id=\"be0a63f\" data-element_type=\"widget\" data-widget_type=\"text-editor.default\">\n\t\t\t\t<div class=\"elementor-widget-container\">\n\t\t\t\t\t\t\t    <p>HUBNPD Ltd. (im Folgenden: &#8220;HUBNPD&#8221;) legt besonderen Wert auf die Wahrung der Privatsph\u00e4re der Nutzer, die die HUBNPD-Websites in der Domain hubnpd.food; hubnpd.pl; hubnpd.com besuchen. Wir setzen uns daf\u00fcr ein, dass jeder Nutzer genau wei\u00df, welche Daten wir sammeln und wie er seine Privatsph\u00e4re sch\u00fctzen kann.  <\/p>\n    \n    <p><strong>1. allgemeine Informationen<\/strong><br> Diese Datenschutzrichtlinie legt die Regeln f\u00fcr die Verarbeitung und den Schutz personenbezogener Daten fest, die von den Nutzern im Zusammenhang mit der Nutzung der von unserer Website angebotenen Dienste bereitgestellt werden.<\/p>\n\n    <p><strong>2. die Annahme der Richtlinie<\/strong><br> Durch die Nutzung der HUBNPD-Websites akzeptieren Sie die Bedingungen der Datenschutzrichtlinie.<\/p>\n\n    <p><strong>3 Verwalter der personenbezogenen Daten<\/strong><br> Der Verwalter der personenbezogenen Daten der Nutzer ist HUBNPD Sp. z o.o. mit Sitz in Lublin, ul. Krochmalna 24\/12, 20-401 Lublin.  <\/p>\n\n    <p><strong>4 Zweck und Umfang der Datenerhebung<\/strong><br> Wir verarbeiten die personenbezogenen Daten der Nutzer, um die \u00fcber das Kontaktformular gesendeten Anfragen zu beantworten.<br> Wir erheben die folgenden Daten:<br> &#8211; Daten, die im Kontaktformular angegeben werden: Vorname, Nachname, E-Mail-Adresse, Telefonnummer und Inhalt der Nachricht.<\/p>\n\n    <p><strong>5 Grundlage f\u00fcr die Verarbeitung<\/strong><br> Die Verarbeitung der Daten erfolgt auf der Grundlage der vom Nutzer erteilten Einwilligung. Im Falle des Kontaktformulars ist das Absenden einer Anfrage gleichbedeutend mit der Zustimmung zur Verarbeitung der angegebenen Daten, um zu antworten. <\/p>\n\n    <p><strong>6 Auskunftsrecht<\/strong><br> Sie haben das Recht auf Auskunft, Berichtigung, L\u00f6schung oder Einschr\u00e4nkung der Verarbeitung Ihrer Daten, das Recht auf Daten\u00fcbertragbarkeit und das Recht auf Widerspruch gegen die Verarbeitung.<\/p>\n\n    <p><strong>7 Weitergabe von Daten<\/strong><br> Benutzerdaten k\u00f6nnen an Stellen weitergegeben werden, die nach geltendem Recht berechtigt sind, solche Daten zu erhalten, einschlie\u00dflich der zust\u00e4ndigen Justizbeh\u00f6rden. Die \u00fcber das Kontaktformular erfassten Daten werden ausschlie\u00dflich zur Beantwortung der gesendeten Anfrage verwendet und nicht an Dritte weitergegeben. <\/p>\n\n    <p><strong>8 Cookies<\/strong><br> Unsere Website verwendet Cookies. Dabei handelt es sich um kleine Textdateien, die vom Webserver gesendet und von der Computersoftware des Browsers gespeichert werden. Wenn sich der Browser erneut mit der Website verbindet, erkennt die Website den Ger\u00e4tetyp, von dem aus sich der Benutzer verbindet. Die Parameter erlauben es nur dem Server, der sie erstellt hat, die in ihnen enthaltenen Informationen zu lesen. Cookies erleichtern daher die Nutzung von zuvor besuchten Websites.    <\/p>\n\n    <p><strong>9 Google Analytics<\/strong><br> Unsere Website benutzt Google Analytics, einen Webanalysedienst von Google, Inc. Google Analytics verwendet Cookies, damit die Website analysieren kann, wie die Nutzer die Website verwenden. Die durch den Cookie erzeugten Informationen \u00fcber Ihre Benutzung dieser Website (einschlie\u00dflich Ihrer IP-Adresse) werden an einen Server von Google in den Vereinigten Staaten \u00fcbertragen und dort gespeichert. Google wird diese Informationen benutzen, um Ihre Nutzung der Website auszuwerten, um Reports \u00fcber die Websiteaktivit\u00e4ten f\u00fcr die Websitebetreiber zusammenzustellen und um weitere mit der Websitenutzung und der Internetnutzung verbundene Dienstleistungen zu erbringen.   <\/p>\n\n    <p><strong>10 \u00c4nderungen der Datenschutzrichtlinie<\/strong><br> HUBNPD Sp. z o.o. beh\u00e4lt sich das Recht vor, diese Datenschutzrichtlinie zu \u00e4ndern. Wir werden die Benutzer \u00fcber alle \u00c4nderungen informieren, indem wir Informationen auf der Website ver\u00f6ffentlichen.  <\/p>\n\n    <p><strong>11 Kontakt<\/strong><br> Benutzer k\u00f6nnen uns bei Fragen zum Datenschutz unter der folgenden E-Mail-Adresse kontaktieren: office@hubnpd.food.<\/p>\n\n    <p>Datum der letzten Aktualisierung: 01.01.2025 r.<\/p>\t\t\t\t\t\t<\/div>\n\t\t\t\t<\/div>\n\t\t\t\t\t<\/div>\n\t\t\t\t<\/div>\n\t\t\t\t<\/div>\n\t\t","protected":false},"excerpt":{"rendered":"<p>HUBNPD Ltd. (im Folgenden: &#8220;HUBNPD&#8221;) legt besonderen Wert auf die Wahrung der Privatsph\u00e4re der Nutzer, die die HUBNPD-Websites in der Domain hubnpd.food; hubnpd.pl; hubnpd.com besuchen. Wir setzen uns daf\u00fcr ein, dass jeder Nutzer genau wei\u00df, welche Daten wir sammeln und wie er seine Privatsph\u00e4re sch\u00fctzen kann. 1. allgemeine Informationen Diese Datenschutzrichtlinie legt die Regeln f\u00fcr [&hellip;]<\/p>\n","protected":false},"author":1,"featured_media":0,"parent":0,"menu_order":0,"comment_status":"closed","ping_status":"closed","template":"","meta":{"footnotes":""},"class_list":["post-5430","page","type-page","status-publish","hentry"],"yoast_head":"<!-- This site is optimized with the Yoast SEO plugin v23.9 - https:\/\/yoast.com\/wordpress\/plugins\/seo\/ -->\n<title>Datenschutzbestimmungen - HUBNPD<\/title>\n<meta name=\"robots\" content=\"index, follow, max-snippet:-1, max-image-preview:large, max-video-preview:-1\" \/>\n<link rel=\"canonical\" href=\"https:\/\/hubnpd.food\/de\/datenschutzbestimmungen\/\" \/>\n<meta property=\"og:locale\" content=\"de_DE\" \/>\n<meta property=\"og:type\" content=\"article\" \/>\n<meta property=\"og:title\" content=\"Datenschutzbestimmungen - HUBNPD\" \/>\n<meta property=\"og:description\" content=\"HUBNPD Ltd. (im Folgenden: &#8220;HUBNPD&#8221;) legt besonderen Wert auf die Wahrung der Privatsph\u00e4re der Nutzer, die die HUBNPD-Websites in der Domain hubnpd.food; hubnpd.pl; hubnpd.com besuchen. Wir setzen uns daf\u00fcr ein, dass jeder Nutzer genau wei\u00df, welche Daten wir sammeln und wie er seine Privatsph\u00e4re sch\u00fctzen kann. 1. allgemeine Informationen Diese Datenschutzrichtlinie legt die Regeln f\u00fcr [&hellip;]\" \/>\n<meta property=\"og:url\" content=\"https:\/\/hubnpd.food\/de\/datenschutzbestimmungen\/\" \/>\n<meta property=\"og:site_name\" content=\"HUBNPD\" \/>\n<meta property=\"article:publisher\" content=\"https:\/\/www.facebook.com\/HUBNPD\/\" \/>\n<meta property=\"article:modified_time\" content=\"2025-09-07T14:49:07+00:00\" \/>\n<meta name=\"twitter:card\" content=\"summary_large_image\" \/>\n<meta name=\"twitter:site\" content=\"@hubnpd\" \/>\n<meta name=\"twitter:label1\" content=\"Gesch\u00e4tzte Lesezeit\" \/>\n\t<meta name=\"twitter:data1\" content=\"3 Minuten\" \/>\n<script type=\"application\/ld+json\" class=\"yoast-schema-graph\">{\"@context\":\"https:\/\/schema.org\",\"@graph\":[{\"@type\":\"WebPage\",\"@id\":\"https:\/\/hubnpd.food\/de\/datenschutzbestimmungen\/\",\"url\":\"https:\/\/hubnpd.food\/de\/datenschutzbestimmungen\/\",\"name\":\"Datenschutzbestimmungen - HUBNPD\",\"isPartOf\":{\"@id\":\"https:\/\/hubnpd.food\/#website\"},\"datePublished\":\"2025-01-06T17:04:58+00:00\",\"dateModified\":\"2025-09-07T14:49:07+00:00\",\"breadcrumb\":{\"@id\":\"https:\/\/hubnpd.food\/de\/datenschutzbestimmungen\/#breadcrumb\"},\"inLanguage\":\"de\",\"potentialAction\":[{\"@type\":\"ReadAction\",\"target\":[\"https:\/\/hubnpd.food\/de\/datenschutzbestimmungen\/\"]}]},{\"@type\":\"BreadcrumbList\",\"@id\":\"https:\/\/hubnpd.food\/de\/datenschutzbestimmungen\/#breadcrumb\",\"itemListElement\":[{\"@type\":\"ListItem\",\"position\":1,\"name\":\"Strona g\u0142\u00f3wna\",\"item\":\"https:\/\/hubnpd.food\/de\/\"},{\"@type\":\"ListItem\",\"position\":2,\"name\":\"Datenschutzbestimmungen\"}]},{\"@type\":\"WebSite\",\"@id\":\"https:\/\/hubnpd.food\/#website\",\"url\":\"https:\/\/hubnpd.food\/\",\"name\":\"HUBNPD\",\"description\":\"YOUR NPD PARTNER\",\"publisher\":{\"@id\":\"https:\/\/hubnpd.food\/#organization\"},\"alternateName\":\"CENTRUM INNOWACJI SPO\u017bYWCZYCH\",\"potentialAction\":[{\"@type\":\"SearchAction\",\"target\":{\"@type\":\"EntryPoint\",\"urlTemplate\":\"https:\/\/hubnpd.food\/?s={search_term_string}\"},\"query-input\":{\"@type\":\"PropertyValueSpecification\",\"valueRequired\":true,\"valueName\":\"search_term_string\"}}],\"inLanguage\":\"de\"},{\"@type\":\"Organization\",\"@id\":\"https:\/\/hubnpd.food\/#organization\",\"name\":\"HUBNPD\",\"alternateName\":\"CENTURM INNOWACJI SPO\u017bYWCZYCH\",\"url\":\"https:\/\/hubnpd.food\/\",\"logo\":{\"@type\":\"ImageObject\",\"inLanguage\":\"de\",\"@id\":\"https:\/\/hubnpd.food\/#\/schema\/logo\/image\/\",\"url\":\"https:\/\/hubnpd.food\/wp-content\/uploads\/2024\/11\/cropped-unnamed.png\",\"contentUrl\":\"https:\/\/hubnpd.food\/wp-content\/uploads\/2024\/11\/cropped-unnamed.png\",\"width\":512,\"height\":512,\"caption\":\"HUBNPD\"},\"image\":{\"@id\":\"https:\/\/hubnpd.food\/#\/schema\/logo\/image\/\"},\"sameAs\":[\"https:\/\/www.facebook.com\/HUBNPD\/\",\"https:\/\/x.com\/hubnpd\"]}]}<\/script>\n<!-- \/ Yoast SEO plugin. -->","yoast_head_json":{"title":"Datenschutzbestimmungen - HUBNPD","robots":{"index":"index","follow":"follow","max-snippet":"max-snippet:-1","max-image-preview":"max-image-preview:large","max-video-preview":"max-video-preview:-1"},"canonical":"https:\/\/hubnpd.food\/de\/datenschutzbestimmungen\/","og_locale":"de_DE","og_type":"article","og_title":"Datenschutzbestimmungen - HUBNPD","og_description":"HUBNPD Ltd. (im Folgenden: &#8220;HUBNPD&#8221;) legt besonderen Wert auf die Wahrung der Privatsph\u00e4re der Nutzer, die die HUBNPD-Websites in der Domain hubnpd.food; hubnpd.pl; hubnpd.com besuchen. Wir setzen uns daf\u00fcr ein, dass jeder Nutzer genau wei\u00df, welche Daten wir sammeln und wie er seine Privatsph\u00e4re sch\u00fctzen kann. 1. allgemeine Informationen Diese Datenschutzrichtlinie legt die Regeln f\u00fcr [&hellip;]","og_url":"https:\/\/hubnpd.food\/de\/datenschutzbestimmungen\/","og_site_name":"HUBNPD","article_publisher":"https:\/\/www.facebook.com\/HUBNPD\/","article_modified_time":"2025-09-07T14:49:07+00:00","twitter_card":"summary_large_image","twitter_site":"@hubnpd","twitter_misc":{"Gesch\u00e4tzte Lesezeit":"3 Minuten"},"schema":{"@context":"https:\/\/schema.org","@graph":[{"@type":"WebPage","@id":"https:\/\/hubnpd.food\/de\/datenschutzbestimmungen\/","url":"https:\/\/hubnpd.food\/de\/datenschutzbestimmungen\/","name":"Datenschutzbestimmungen - HUBNPD","isPartOf":{"@id":"https:\/\/hubnpd.food\/#website"},"datePublished":"2025-01-06T17:04:58+00:00","dateModified":"2025-09-07T14:49:07+00:00","breadcrumb":{"@id":"https:\/\/hubnpd.food\/de\/datenschutzbestimmungen\/#breadcrumb"},"inLanguage":"de","potentialAction":[{"@type":"ReadAction","target":["https:\/\/hubnpd.food\/de\/datenschutzbestimmungen\/"]}]},{"@type":"BreadcrumbList","@id":"https:\/\/hubnpd.food\/de\/datenschutzbestimmungen\/#breadcrumb","itemListElement":[{"@type":"ListItem","position":1,"name":"Strona g\u0142\u00f3wna","item":"https:\/\/hubnpd.food\/de\/"},{"@type":"ListItem","position":2,"name":"Datenschutzbestimmungen"}]},{"@type":"WebSite","@id":"https:\/\/hubnpd.food\/#website","url":"https:\/\/hubnpd.food\/","name":"HUBNPD","description":"YOUR NPD PARTNER","publisher":{"@id":"https:\/\/hubnpd.food\/#organization"},"alternateName":"CENTRUM INNOWACJI SPO\u017bYWCZYCH","potentialAction":[{"@type":"SearchAction","target":{"@type":"EntryPoint","urlTemplate":"https:\/\/hubnpd.food\/?s={search_term_string}"},"query-input":{"@type":"PropertyValueSpecification","valueRequired":true,"valueName":"search_term_string"}}],"inLanguage":"de"},{"@type":"Organization","@id":"https:\/\/hubnpd.food\/#organization","name":"HUBNPD","alternateName":"CENTURM INNOWACJI SPO\u017bYWCZYCH","url":"https:\/\/hubnpd.food\/","logo":{"@type":"ImageObject","inLanguage":"de","@id":"https:\/\/hubnpd.food\/#\/schema\/logo\/image\/","url":"https:\/\/hubnpd.food\/wp-content\/uploads\/2024\/11\/cropped-unnamed.png","contentUrl":"https:\/\/hubnpd.food\/wp-content\/uploads\/2024\/11\/cropped-unnamed.png","width":512,"height":512,"caption":"HUBNPD"},"image":{"@id":"https:\/\/hubnpd.food\/#\/schema\/logo\/image\/"},"sameAs":["https:\/\/www.facebook.com\/HUBNPD\/","https:\/\/x.com\/hubnpd"]}]}},"_links":{"self":[{"href":"https:\/\/hubnpd.food\/de\/wp-json\/wp\/v2\/pages\/5430","targetHints":{"allow":["GET"]}}],"collection":[{"href":"https:\/\/hubnpd.food\/de\/wp-json\/wp\/v2\/pages"}],"about":[{"href":"https:\/\/hubnpd.food\/de\/wp-json\/wp\/v2\/types\/page"}],"author":[{"embeddable":true,"href":"https:\/\/hubnpd.food\/de\/wp-json\/wp\/v2\/users\/1"}],"replies":[{"embeddable":true,"href":"https:\/\/hubnpd.food\/de\/wp-json\/wp\/v2\/comments?post=5430"}],"version-history":[{"count":1,"href":"https:\/\/hubnpd.food\/de\/wp-json\/wp\/v2\/pages\/5430\/revisions"}],"predecessor-version":[{"id":5431,"href":"https:\/\/hubnpd.food\/de\/wp-json\/wp\/v2\/pages\/5430\/revisions\/5431"}],"wp:attachment":[{"href":"https:\/\/hubnpd.food\/de\/wp-json\/wp\/v2\/media?parent=5430"}],"curies":[{"name":"wp","href":"https:\/\/api.w.org\/{rel}","templated":true}]}}