{"id":5410,"date":"2024-01-04T07:58:29","date_gmt":"2024-01-04T07:58:29","guid":{"rendered":"https:\/\/hubnpd.food\/unser-team\/"},"modified":"2026-02-15T17:37:48","modified_gmt":"2026-02-15T17:37:48","slug":"unser-team","status":"publish","type":"page","link":"https:\/\/hubnpd.food\/de\/unser-team\/","title":{"rendered":"UNSER TEAM"},"content":{"rendered":"\t\t<div data-elementor-type=\"wp-page\" data-elementor-id=\"5410\" class=\"elementor elementor-5410 elementor-799\">\n\t\t\t\t<div class=\"elementor-element elementor-element-853a807 e-flex e-con-boxed e-con e-parent\" data-id=\"853a807\" data-element_type=\"container\">\n\t\t\t\t\t<div class=\"e-con-inner\">\n\t\t\t\t<div class=\"elementor-element elementor-element-085784b elementor-widget elementor-widget-spacer\" data-id=\"085784b\" data-element_type=\"widget\" data-widget_type=\"spacer.default\">\n\t\t\t\t<div class=\"elementor-widget-container\">\n\t\t\t\t\t<div class=\"elementor-spacer\">\n\t\t\t<div class=\"elementor-spacer-inner\"><\/div>\n\t\t<\/div>\n\t\t\t\t<\/div>\n\t\t\t\t<\/div>\n\t\t<div class=\"elementor-element elementor-element-2493ef5 e-flex e-con-boxed e-con e-child\" data-id=\"2493ef5\" data-element_type=\"container\">\n\t\t\t\t\t<div class=\"e-con-inner\">\n\t\t<div class=\"elementor-element elementor-element-495f50c e-flex e-con-boxed e-con e-child\" data-id=\"495f50c\" data-element_type=\"container\">\n\t\t\t\t\t<div class=\"e-con-inner\">\n\t\t\t\t<div class=\"elementor-element elementor-element-7d26382 aleft elementor-widget elementor-widget-wgl-double-heading\" data-id=\"7d26382\" data-element_type=\"widget\" data-widget_type=\"wgl-double-heading.default\">\n\t\t\t\t<div class=\"elementor-widget-container\">\n\t\t\t<div class=\"wgl-double-heading\"><h3 class=\"dblh__title-wrapper\"><span class=\"dblh__title dblh__title-1\">Unser DREAM TEAM<\/span><\/h3><\/div>\t\t<\/div>\n\t\t\t\t<\/div>\n\t\t\t\t\t<\/div>\n\t\t\t\t<\/div>\n\t\t<div class=\"elementor-element elementor-element-f4b062f e-flex e-con-boxed e-con e-child\" data-id=\"f4b062f\" data-element_type=\"container\">\n\t\t\t\t\t<div class=\"e-con-inner\">\n\t\t\t\t<div class=\"elementor-element elementor-element-1f94952 elementor-widget elementor-widget-spacer\" data-id=\"1f94952\" data-element_type=\"widget\" data-widget_type=\"spacer.default\">\n\t\t\t\t<div class=\"elementor-widget-container\">\n\t\t\t\t\t<div class=\"elementor-spacer\">\n\t\t\t<div class=\"elementor-spacer-inner\"><\/div>\n\t\t<\/div>\n\t\t\t\t<\/div>\n\t\t\t\t<\/div>\n\t\t\t\t<div class=\"elementor-element elementor-element-a6cf8e9 elementor-widget elementor-widget-text-editor\" data-id=\"a6cf8e9\" data-element_type=\"widget\" data-widget_type=\"text-editor.default\">\n\t\t\t\t<div class=\"elementor-widget-container\">\n\t\t\t\t\t\t\t<p>Wir bieten umfassende L\u00f6sungen, die perfekt auf Ihre Bed\u00fcrfnisse zugeschnitten sind.<\/p>\n\t\t\t\t\t\t<\/div>\n\t\t\t\t<\/div>\n\t\t\t\t\t<\/div>\n\t\t\t\t<\/div>\n\t\t\t\t\t<\/div>\n\t\t\t\t<\/div>\n\t\t\t\t\t<\/div>\n\t\t\t\t<\/div>\n\t\t<div class=\"elementor-element elementor-element-87f84f3 e-flex e-con-boxed e-con e-parent\" data-id=\"87f84f3\" data-element_type=\"container\">\n\t\t\t\t\t<div class=\"e-con-inner\">\n\t\t\t\t<div class=\"elementor-element elementor-element-7282902 elementor-widget elementor-widget-spacer\" data-id=\"7282902\" data-element_type=\"widget\" data-widget_type=\"spacer.default\">\n\t\t\t\t<div class=\"elementor-widget-container\">\n\t\t\t\t\t<div class=\"elementor-spacer\">\n\t\t\t<div class=\"elementor-spacer-inner\"><\/div>\n\t\t<\/div>\n\t\t\t\t<\/div>\n\t\t\t\t<\/div>\n\t\t\t\t<div class=\"elementor-element elementor-element-6b507bb aleft elementor-widget elementor-widget-wgl-team\" data-id=\"6b507bb\" data-element_type=\"widget\" data-widget_type=\"wgl-team.default\">\n\t\t\t\t<div class=\"elementor-widget-container\">\n\t\t\t<section class=\"wgl_module_team\"><div class=\"team__members grid-col--4\"><article class=\"team__member\"><div class=\"member__wrapper\"><div class=\"member__media wgl-cursor-text\" data-cursor-class=\"wgl-element-6b507bb cursor-global elementor-repeater-item-6b507bb tooltip_bg cursor_center\" data-cursor-text=\"&lt;h6&gt;MEHR&lt;\/h6&gt;\" data-cursor-prop=\"none\"><a href=\"https:\/\/hubnpd.food\/de\/team\/bartosz-kamieniecki\/\" class=\"member__thumbnail\"><img decoding=\"async\" src=\"https:\/\/hubnpd.food\/wp-content\/uploads\/2024\/01\/Bartosz-Kamieniecki-scaled-e1746740990602-740x948.jpg\" class=\"thumbnail__featured\" alt=\"\"><\/a><\/div><div class=\"member__info-wrapper\"><div class=\"member__info\"><div class=\"member__highlighted\">CEO<\/div><h2 class=\"member__name\"><a href=\"https:\/\/hubnpd.food\/de\/team\/bartosz-kamieniecki\/\">Bartosz KAMIENIECKI<\/a><\/h2><div class=\"member__socials\"><a href=\"#\" class=\"social__icon fab fa-linkedin\"><\/a><\/div><\/div><\/div><\/div><\/article><article class=\"team__member\"><div class=\"member__wrapper\"><div class=\"member__media wgl-cursor-text\" data-cursor-class=\"wgl-element-6b507bb cursor-global elementor-repeater-item-6b507bb tooltip_bg cursor_center\" data-cursor-text=\"&lt;h6&gt;MEHR&lt;\/h6&gt;\" data-cursor-prop=\"none\"><a href=\"https:\/\/hubnpd.food\/de\/team\/ursula-katarzynska\/\" class=\"member__thumbnail\"><img decoding=\"async\" src=\"https:\/\/hubnpd.food\/wp-content\/uploads\/2024\/01\/UrszulaKatarzynska-740x948.png\" class=\"thumbnail__featured\" alt=\"\"><\/a><\/div><div class=\"member__info-wrapper\"><div class=\"member__info\"><div class=\"member__highlighted\"> Architect<\/div><h2 class=\"member__name\"><a href=\"https:\/\/hubnpd.food\/de\/team\/ursula-katarzynska\/\">Urszula KATARZY\u0143SKA<\/a><\/h2><div class=\"member__socials\"><a href=\"#\" class=\"social__icon fab fa-linkedin\"><\/a><\/div><\/div><\/div><\/div><\/article><\/div><\/section>\t\t<\/div>\n\t\t\t\t<\/div>\n\t\t\t\t\t<\/div>\n\t\t\t\t<\/div>\n\t\t<div class=\"elementor-element elementor-element-6eb294d e-con-full e-flex e-con e-parent\" data-id=\"6eb294d\" data-element_type=\"container\">\n\t\t\t\t<div class=\"elementor-element elementor-element-c9aa246 elementor-widget elementor-widget-spacer\" data-id=\"c9aa246\" data-element_type=\"widget\" data-widget_type=\"spacer.default\">\n\t\t\t\t<div class=\"elementor-widget-container\">\n\t\t\t\t\t<div class=\"elementor-spacer\">\n\t\t\t<div class=\"elementor-spacer-inner\"><\/div>\n\t\t<\/div>\n\t\t\t\t<\/div>\n\t\t\t\t<\/div>\n\t\t\t\t<div class=\"elementor-element elementor-element-de0166f acenter elementor-widget elementor-widget-wgl-text-editor\" data-id=\"de0166f\" data-element_type=\"widget\" data-widget_type=\"wgl-text-editor.default\">\n\t\t\t\t<div class=\"elementor-widget-container\">\n\t\t\t<div class=\"wgl-text-editor loop_animation\"><h3 class=\"text-editor_wrapper\"><span>PROFESSIONALIT\u00c4T  <\/span><span class=\" elementor-repeater-item-5d81cf7\">INDIVIDUALISMUS  <\/span><span>UNTERST\u00dcTZEN  <\/span><span class=\" elementor-repeater-item-a06ed19\">MOTIVATION  <\/span><span>ERFOLG<\/span><\/h3><div class=\"text-editor_wrapper text-editor_wrapper-clone\"><span>PROFESSIONALIT\u00c4T  <\/span><span class=\" elementor-repeater-item-5d81cf7\">INDIVIDUALISMUS  <\/span><span>UNTERST\u00dcTZEN  <\/span><span class=\" elementor-repeater-item-a06ed19\">MOTIVATION  <\/span><span>ERFOLG<\/span><span>PROFESSIONALIT\u00c4T  <\/span><span class=\" elementor-repeater-item-5d81cf7\">INDIVIDUALISMUS  <\/span><span>UNTERST\u00dcTZEN  <\/span><span class=\" elementor-repeater-item-a06ed19\">MOTIVATION  <\/span><span>ERFOLG<\/span><span>PROFESSIONALIT\u00c4T  <\/span><span class=\" elementor-repeater-item-5d81cf7\">INDIVIDUALISMUS  <\/span><span>UNTERST\u00dcTZEN  <\/span><span class=\" elementor-repeater-item-a06ed19\">MOTIVATION  <\/span><span>ERFOLG<\/span><span>PROFESSIONALIT\u00c4T  <\/span><span class=\" elementor-repeater-item-5d81cf7\">INDIVIDUALISMUS  <\/span><span>UNTERST\u00dcTZEN  <\/span><span class=\" elementor-repeater-item-a06ed19\">MOTIVATION  <\/span><span>ERFOLG<\/span><span>PROFESSIONALIT\u00c4T  <\/span><span class=\" elementor-repeater-item-5d81cf7\">INDIVIDUALISMUS  <\/span><span>UNTERST\u00dcTZEN  <\/span><span class=\" elementor-repeater-item-a06ed19\">MOTIVATION  <\/span><span>ERFOLG<\/span><\/div><div class=\"text-editor_wrapper text-editor_wrapper-clone\"><span>PROFESSIONALIT\u00c4T  <\/span><span class=\" elementor-repeater-item-5d81cf7\">INDIVIDUALISMUS  <\/span><span>UNTERST\u00dcTZEN  <\/span><span class=\" elementor-repeater-item-a06ed19\">MOTIVATION  <\/span><span>ERFOLG<\/span><span>PROFESSIONALIT\u00c4T  <\/span><span class=\" elementor-repeater-item-5d81cf7\">INDIVIDUALISMUS  <\/span><span>UNTERST\u00dcTZEN  <\/span><span class=\" elementor-repeater-item-a06ed19\">MOTIVATION  <\/span><span>ERFOLG<\/span><span>PROFESSIONALIT\u00c4T  <\/span><span class=\" elementor-repeater-item-5d81cf7\">INDIVIDUALISMUS  <\/span><span>UNTERST\u00dcTZEN  <\/span><span class=\" elementor-repeater-item-a06ed19\">MOTIVATION  <\/span><span>ERFOLG<\/span><span>PROFESSIONALIT\u00c4T  <\/span><span class=\" elementor-repeater-item-5d81cf7\">INDIVIDUALISMUS  <\/span><span>UNTERST\u00dcTZEN  <\/span><span class=\" elementor-repeater-item-a06ed19\">MOTIVATION  <\/span><span>ERFOLG<\/span><span>PROFESSIONALIT\u00c4T  <\/span><span class=\" elementor-repeater-item-5d81cf7\">INDIVIDUALISMUS  <\/span><span>UNTERST\u00dcTZEN  <\/span><span class=\" elementor-repeater-item-a06ed19\">MOTIVATION  <\/span><span>ERFOLG<\/span><\/div><\/div>\t\t<\/div>\n\t\t\t\t<\/div>\n\t\t\t\t<div class=\"elementor-element elementor-element-3d756a5 elementor-widget elementor-widget-spacer\" data-id=\"3d756a5\" data-element_type=\"widget\" data-widget_type=\"spacer.default\">\n\t\t\t\t<div class=\"elementor-widget-container\">\n\t\t\t\t\t<div class=\"elementor-spacer\">\n\t\t\t<div class=\"elementor-spacer-inner\"><\/div>\n\t\t<\/div>\n\t\t\t\t<\/div>\n\t\t\t\t<\/div>\n\t\t\t\t<\/div>\n\t\t<div class=\"elementor-element elementor-element-ce07c83 e-flex e-con-boxed e-con e-parent\" data-id=\"ce07c83\" data-element_type=\"container\">\n\t\t\t\t\t<div class=\"e-con-inner\">\n\t\t\t\t<div class=\"elementor-element elementor-element-9bc8b9d elementor-widget elementor-widget-spacer\" data-id=\"9bc8b9d\" data-element_type=\"widget\" data-widget_type=\"spacer.default\">\n\t\t\t\t<div class=\"elementor-widget-container\">\n\t\t\t\t\t<div class=\"elementor-spacer\">\n\t\t\t<div class=\"elementor-spacer-inner\"><\/div>\n\t\t<\/div>\n\t\t\t\t<\/div>\n\t\t\t\t<\/div>\n\t\t\t\t<div class=\"elementor-element elementor-element-3259ccc aleft elementor-widget elementor-widget-wgl-double-heading\" data-id=\"3259ccc\" data-element_type=\"widget\" data-widget_type=\"wgl-double-heading.default\">\n\t\t\t\t<div class=\"elementor-widget-container\">\n\t\t\t<div class=\"wgl-double-heading\"><h5 class=\"dblh__subtitle\">(ANDERE SEITEN)<\/h5><\/div>\t\t<\/div>\n\t\t\t\t<\/div>\n\t\t\t\t<div class=\"elementor-element elementor-element-a861021 elementor-widget__width-inherit elementor-widget elementor-widget-wgl-toggle-accordion\" data-id=\"a861021\" data-element_type=\"widget\" data-widget_type=\"wgl-toggle-accordion.default\">\n\t\t\t\t<div class=\"elementor-widget-container\">\n\t\t\t<div class=\"wgl-accordion icon-none\" id=\"wgl-accordion-a861021\" data-type=\"toggle\" data-trigger=\"hover\"><div id=\"wgl-accordion_panel-1761\" class=\"wgl-accordion_panel\"><h4 class=\"wgl-accordion_header\"><a class=\"wgl-accordion_title-link\" href=\"https:\/\/hubnpd.food\/portfolio-grid\/\"><\/a><span class=\"wgl-accordion_title\">REALISATIONS<\/span><\/h4><div class=\"wgl-accordion_content\"><\/div><\/div><div id=\"wgl-accordion_panel-1762\" class=\"wgl-accordion_panel\"><h4 class=\"wgl-accordion_header\"><a class=\"wgl-accordion_title-link\" href=\"https:\/\/hubnpd.food\/about-us\/#services\"><\/a><span class=\"wgl-accordion_title\">DIENSTLEISTUNGEN<\/span><\/h4><div class=\"wgl-accordion_content\"><\/div><\/div><div id=\"wgl-accordion_panel-1763\" class=\"wgl-accordion_panel\" data-default=\"yes\"><h4 class=\"wgl-accordion_header\"><a class=\"wgl-accordion_title-link\" href=\"https:\/\/hubnpd.food\/de\/kontakt-de\/\"><\/a><span class=\"wgl-accordion_title\">KONTAKT<\/span><\/h4><div class=\"wgl-accordion_content\"><\/div><\/div><\/div>\t\t<\/div>\n\t\t\t\t<\/div>\n\t\t\t\t\t<\/div>\n\t\t\t\t<\/div>\n\t\t\t\t<\/div>\n\t\t","protected":false},"excerpt":{"rendered":"<p>Unser DREAM TEAM Wir bieten umfassende L\u00f6sungen, die perfekt auf Ihre Bed\u00fcrfnisse zugeschnitten sind. CEO Bartosz KAMIENIECKI Architekt Urszula KATARZY\u0143SKA PROFESSIONALIT\u00c4T INDIVIDUALISMUS UNTERST\u00dcTZEN MOTIVATION ERFOLG PROFESSIONALIT\u00c4T INDIVIDUALISMUS UNTERST\u00dcTZEN MOTIVATION ERFOLGPROFESSIONALIT\u00c4T INDIVIDUALISMUS UNTERST\u00dcTZEN MOTIVATION ERFOLGPROFESSIONALIT\u00c4T INDIVIDUALISMUS UNTERST\u00dcTZEN MOTIVATION ERFOLGPROFESSIONALIT\u00c4T INDIVIDUALISMUS UNTERST\u00dcTZEN MOTIVATION ERFOLGPROFESSIONALIT\u00c4T INDIVIDUALISMUS UNTERST\u00dcTZEN MOTIVATION ERFOLGPROFESSIONALIT\u00c4T INDIVIDUALISMUS UNTERST\u00dcTZEN MOTIVATION ERFOLGPROFESSIONALIT\u00c4T INDIVIDUALISMUS UNTERST\u00dcTZEN MOTIVATION ERFOLGPROFESSIONALIT\u00c4T INDIVIDUALISMUS [&hellip;]<\/p>\n","protected":false},"author":1,"featured_media":0,"parent":0,"menu_order":0,"comment_status":"closed","ping_status":"closed","template":"","meta":{"footnotes":""},"class_list":["post-5410","page","type-page","status-publish","hentry"],"yoast_head":"<!-- This site is optimized with the Yoast SEO plugin v23.9 - https:\/\/yoast.com\/wordpress\/plugins\/seo\/ -->\n<title>UNSER TEAM - HUBNPD<\/title>\n<meta name=\"robots\" content=\"index, follow, max-snippet:-1, max-image-preview:large, max-video-preview:-1\" \/>\n<link rel=\"canonical\" href=\"https:\/\/hubnpd.food\/de\/unser-team\/\" \/>\n<meta property=\"og:locale\" content=\"de_DE\" \/>\n<meta property=\"og:type\" content=\"article\" \/>\n<meta property=\"og:title\" content=\"UNSER TEAM - HUBNPD\" \/>\n<meta property=\"og:description\" content=\"Unser DREAM TEAM Wir bieten umfassende L\u00f6sungen, die perfekt auf Ihre Bed\u00fcrfnisse zugeschnitten sind. CEO Bartosz KAMIENIECKI Architekt Urszula KATARZY\u0143SKA PROFESSIONALIT\u00c4T INDIVIDUALISMUS UNTERST\u00dcTZEN MOTIVATION ERFOLG PROFESSIONALIT\u00c4T INDIVIDUALISMUS UNTERST\u00dcTZEN MOTIVATION ERFOLGPROFESSIONALIT\u00c4T INDIVIDUALISMUS UNTERST\u00dcTZEN MOTIVATION ERFOLGPROFESSIONALIT\u00c4T INDIVIDUALISMUS UNTERST\u00dcTZEN MOTIVATION ERFOLGPROFESSIONALIT\u00c4T INDIVIDUALISMUS UNTERST\u00dcTZEN MOTIVATION ERFOLGPROFESSIONALIT\u00c4T INDIVIDUALISMUS UNTERST\u00dcTZEN MOTIVATION ERFOLGPROFESSIONALIT\u00c4T INDIVIDUALISMUS UNTERST\u00dcTZEN MOTIVATION ERFOLGPROFESSIONALIT\u00c4T INDIVIDUALISMUS UNTERST\u00dcTZEN MOTIVATION ERFOLGPROFESSIONALIT\u00c4T INDIVIDUALISMUS [&hellip;]\" \/>\n<meta property=\"og:url\" content=\"https:\/\/hubnpd.food\/de\/unser-team\/\" \/>\n<meta property=\"og:site_name\" content=\"HUBNPD\" \/>\n<meta property=\"article:publisher\" content=\"https:\/\/www.facebook.com\/HUBNPD\/\" \/>\n<meta property=\"article:modified_time\" content=\"2026-02-15T17:37:48+00:00\" \/>\n<meta property=\"og:image\" content=\"https:\/\/hubnpd.food\/wp-content\/uploads\/2024\/01\/Bartosz-Kamieniecki-scaled-e1746740990602-740x948.jpg\" \/>\n<meta name=\"twitter:card\" content=\"summary_large_image\" \/>\n<meta name=\"twitter:site\" content=\"@hubnpd\" \/>\n<meta name=\"twitter:label1\" content=\"Gesch\u00e4tzte Lesezeit\" \/>\n\t<meta name=\"twitter:data1\" content=\"1 Minute\" \/>\n<script type=\"application\/ld+json\" class=\"yoast-schema-graph\">{\"@context\":\"https:\/\/schema.org\",\"@graph\":[{\"@type\":\"WebPage\",\"@id\":\"https:\/\/hubnpd.food\/de\/unser-team\/\",\"url\":\"https:\/\/hubnpd.food\/de\/unser-team\/\",\"name\":\"UNSER TEAM - HUBNPD\",\"isPartOf\":{\"@id\":\"https:\/\/hubnpd.food\/#website\"},\"primaryImageOfPage\":{\"@id\":\"https:\/\/hubnpd.food\/de\/unser-team\/#primaryimage\"},\"image\":{\"@id\":\"https:\/\/hubnpd.food\/de\/unser-team\/#primaryimage\"},\"thumbnailUrl\":\"https:\/\/hubnpd.food\/wp-content\/uploads\/2024\/01\/Bartosz-Kamieniecki-scaled-e1746740990602-740x948.jpg\",\"datePublished\":\"2024-01-04T07:58:29+00:00\",\"dateModified\":\"2026-02-15T17:37:48+00:00\",\"breadcrumb\":{\"@id\":\"https:\/\/hubnpd.food\/de\/unser-team\/#breadcrumb\"},\"inLanguage\":\"de\",\"potentialAction\":[{\"@type\":\"ReadAction\",\"target\":[\"https:\/\/hubnpd.food\/de\/unser-team\/\"]}]},{\"@type\":\"ImageObject\",\"inLanguage\":\"de\",\"@id\":\"https:\/\/hubnpd.food\/de\/unser-team\/#primaryimage\",\"url\":\"https:\/\/hubnpd.food\/wp-content\/uploads\/2024\/01\/Bartosz-Kamieniecki-scaled-e1746740990602-740x948.jpg\",\"contentUrl\":\"https:\/\/hubnpd.food\/wp-content\/uploads\/2024\/01\/Bartosz-Kamieniecki-scaled-e1746740990602-740x948.jpg\"},{\"@type\":\"BreadcrumbList\",\"@id\":\"https:\/\/hubnpd.food\/de\/unser-team\/#breadcrumb\",\"itemListElement\":[{\"@type\":\"ListItem\",\"position\":1,\"name\":\"Strona g\u0142\u00f3wna\",\"item\":\"https:\/\/hubnpd.food\/de\/\"},{\"@type\":\"ListItem\",\"position\":2,\"name\":\"UNSER TEAM\"}]},{\"@type\":\"WebSite\",\"@id\":\"https:\/\/hubnpd.food\/#website\",\"url\":\"https:\/\/hubnpd.food\/\",\"name\":\"HUBNPD\",\"description\":\"YOUR NPD PARTNER\",\"publisher\":{\"@id\":\"https:\/\/hubnpd.food\/#organization\"},\"alternateName\":\"CENTRUM INNOWACJI SPO\u017bYWCZYCH\",\"potentialAction\":[{\"@type\":\"SearchAction\",\"target\":{\"@type\":\"EntryPoint\",\"urlTemplate\":\"https:\/\/hubnpd.food\/?s={search_term_string}\"},\"query-input\":{\"@type\":\"PropertyValueSpecification\",\"valueRequired\":true,\"valueName\":\"search_term_string\"}}],\"inLanguage\":\"de\"},{\"@type\":\"Organization\",\"@id\":\"https:\/\/hubnpd.food\/#organization\",\"name\":\"HUBNPD\",\"alternateName\":\"CENTURM INNOWACJI SPO\u017bYWCZYCH\",\"url\":\"https:\/\/hubnpd.food\/\",\"logo\":{\"@type\":\"ImageObject\",\"inLanguage\":\"de\",\"@id\":\"https:\/\/hubnpd.food\/#\/schema\/logo\/image\/\",\"url\":\"https:\/\/hubnpd.food\/wp-content\/uploads\/2024\/11\/cropped-unnamed.png\",\"contentUrl\":\"https:\/\/hubnpd.food\/wp-content\/uploads\/2024\/11\/cropped-unnamed.png\",\"width\":512,\"height\":512,\"caption\":\"HUBNPD\"},\"image\":{\"@id\":\"https:\/\/hubnpd.food\/#\/schema\/logo\/image\/\"},\"sameAs\":[\"https:\/\/www.facebook.com\/HUBNPD\/\",\"https:\/\/x.com\/hubnpd\"]}]}<\/script>\n<!-- \/ Yoast SEO plugin. -->","yoast_head_json":{"title":"UNSER TEAM - HUBNPD","robots":{"index":"index","follow":"follow","max-snippet":"max-snippet:-1","max-image-preview":"max-image-preview:large","max-video-preview":"max-video-preview:-1"},"canonical":"https:\/\/hubnpd.food\/de\/unser-team\/","og_locale":"de_DE","og_type":"article","og_title":"UNSER TEAM - HUBNPD","og_description":"Unser DREAM TEAM Wir bieten umfassende L\u00f6sungen, die perfekt auf Ihre Bed\u00fcrfnisse zugeschnitten sind. CEO Bartosz KAMIENIECKI Architekt Urszula KATARZY\u0143SKA PROFESSIONALIT\u00c4T INDIVIDUALISMUS UNTERST\u00dcTZEN MOTIVATION ERFOLG PROFESSIONALIT\u00c4T INDIVIDUALISMUS UNTERST\u00dcTZEN MOTIVATION ERFOLGPROFESSIONALIT\u00c4T INDIVIDUALISMUS UNTERST\u00dcTZEN MOTIVATION ERFOLGPROFESSIONALIT\u00c4T INDIVIDUALISMUS UNTERST\u00dcTZEN MOTIVATION ERFOLGPROFESSIONALIT\u00c4T INDIVIDUALISMUS UNTERST\u00dcTZEN MOTIVATION ERFOLGPROFESSIONALIT\u00c4T INDIVIDUALISMUS UNTERST\u00dcTZEN MOTIVATION ERFOLGPROFESSIONALIT\u00c4T INDIVIDUALISMUS UNTERST\u00dcTZEN MOTIVATION ERFOLGPROFESSIONALIT\u00c4T INDIVIDUALISMUS UNTERST\u00dcTZEN MOTIVATION ERFOLGPROFESSIONALIT\u00c4T INDIVIDUALISMUS [&hellip;]","og_url":"https:\/\/hubnpd.food\/de\/unser-team\/","og_site_name":"HUBNPD","article_publisher":"https:\/\/www.facebook.com\/HUBNPD\/","article_modified_time":"2026-02-15T17:37:48+00:00","og_image":[{"url":"https:\/\/hubnpd.food\/wp-content\/uploads\/2024\/01\/Bartosz-Kamieniecki-scaled-e1746740990602-740x948.jpg"}],"twitter_card":"summary_large_image","twitter_site":"@hubnpd","twitter_misc":{"Gesch\u00e4tzte Lesezeit":"1 Minute"},"schema":{"@context":"https:\/\/schema.org","@graph":[{"@type":"WebPage","@id":"https:\/\/hubnpd.food\/de\/unser-team\/","url":"https:\/\/hubnpd.food\/de\/unser-team\/","name":"UNSER TEAM - HUBNPD","isPartOf":{"@id":"https:\/\/hubnpd.food\/#website"},"primaryImageOfPage":{"@id":"https:\/\/hubnpd.food\/de\/unser-team\/#primaryimage"},"image":{"@id":"https:\/\/hubnpd.food\/de\/unser-team\/#primaryimage"},"thumbnailUrl":"https:\/\/hubnpd.food\/wp-content\/uploads\/2024\/01\/Bartosz-Kamieniecki-scaled-e1746740990602-740x948.jpg","datePublished":"2024-01-04T07:58:29+00:00","dateModified":"2026-02-15T17:37:48+00:00","breadcrumb":{"@id":"https:\/\/hubnpd.food\/de\/unser-team\/#breadcrumb"},"inLanguage":"de","potentialAction":[{"@type":"ReadAction","target":["https:\/\/hubnpd.food\/de\/unser-team\/"]}]},{"@type":"ImageObject","inLanguage":"de","@id":"https:\/\/hubnpd.food\/de\/unser-team\/#primaryimage","url":"https:\/\/hubnpd.food\/wp-content\/uploads\/2024\/01\/Bartosz-Kamieniecki-scaled-e1746740990602-740x948.jpg","contentUrl":"https:\/\/hubnpd.food\/wp-content\/uploads\/2024\/01\/Bartosz-Kamieniecki-scaled-e1746740990602-740x948.jpg"},{"@type":"BreadcrumbList","@id":"https:\/\/hubnpd.food\/de\/unser-team\/#breadcrumb","itemListElement":[{"@type":"ListItem","position":1,"name":"Strona g\u0142\u00f3wna","item":"https:\/\/hubnpd.food\/de\/"},{"@type":"ListItem","position":2,"name":"UNSER TEAM"}]},{"@type":"WebSite","@id":"https:\/\/hubnpd.food\/#website","url":"https:\/\/hubnpd.food\/","name":"HUBNPD","description":"YOUR NPD PARTNER","publisher":{"@id":"https:\/\/hubnpd.food\/#organization"},"alternateName":"CENTRUM INNOWACJI SPO\u017bYWCZYCH","potentialAction":[{"@type":"SearchAction","target":{"@type":"EntryPoint","urlTemplate":"https:\/\/hubnpd.food\/?s={search_term_string}"},"query-input":{"@type":"PropertyValueSpecification","valueRequired":true,"valueName":"search_term_string"}}],"inLanguage":"de"},{"@type":"Organization","@id":"https:\/\/hubnpd.food\/#organization","name":"HUBNPD","alternateName":"CENTURM INNOWACJI SPO\u017bYWCZYCH","url":"https:\/\/hubnpd.food\/","logo":{"@type":"ImageObject","inLanguage":"de","@id":"https:\/\/hubnpd.food\/#\/schema\/logo\/image\/","url":"https:\/\/hubnpd.food\/wp-content\/uploads\/2024\/11\/cropped-unnamed.png","contentUrl":"https:\/\/hubnpd.food\/wp-content\/uploads\/2024\/11\/cropped-unnamed.png","width":512,"height":512,"caption":"HUBNPD"},"image":{"@id":"https:\/\/hubnpd.food\/#\/schema\/logo\/image\/"},"sameAs":["https:\/\/www.facebook.com\/HUBNPD\/","https:\/\/x.com\/hubnpd"]}]}},"_links":{"self":[{"href":"https:\/\/hubnpd.food\/de\/wp-json\/wp\/v2\/pages\/5410","targetHints":{"allow":["GET"]}}],"collection":[{"href":"https:\/\/hubnpd.food\/de\/wp-json\/wp\/v2\/pages"}],"about":[{"href":"https:\/\/hubnpd.food\/de\/wp-json\/wp\/v2\/types\/page"}],"author":[{"embeddable":true,"href":"https:\/\/hubnpd.food\/de\/wp-json\/wp\/v2\/users\/1"}],"replies":[{"embeddable":true,"href":"https:\/\/hubnpd.food\/de\/wp-json\/wp\/v2\/comments?post=5410"}],"version-history":[{"count":2,"href":"https:\/\/hubnpd.food\/de\/wp-json\/wp\/v2\/pages\/5410\/revisions"}],"predecessor-version":[{"id":5632,"href":"https:\/\/hubnpd.food\/de\/wp-json\/wp\/v2\/pages\/5410\/revisions\/5632"}],"wp:attachment":[{"href":"https:\/\/hubnpd.food\/de\/wp-json\/wp\/v2\/media?parent=5410"}],"curies":[{"name":"wp","href":"https:\/\/api.w.org\/{rel}","templated":true}]}}