{"id":5408,"date":"2024-01-03T08:33:18","date_gmt":"2024-01-03T08:33:18","guid":{"rendered":"https:\/\/hubnpd.food\/realisations\/"},"modified":"2025-09-07T14:43:17","modified_gmt":"2025-09-07T14:43:17","slug":"realisations","status":"publish","type":"page","link":"https:\/\/hubnpd.food\/de\/realisations\/","title":{"rendered":"REALISATIONS"},"content":{"rendered":"\t\t<div data-elementor-type=\"wp-page\" data-elementor-id=\"5408\" class=\"elementor elementor-5408 elementor-603\">\n\t\t\t\t<div class=\"elementor-element elementor-element-6da956f e-flex e-con-boxed e-con e-parent\" data-id=\"6da956f\" data-element_type=\"container\">\n\t\t\t\t\t<div class=\"e-con-inner\">\n\t\t<div class=\"elementor-element elementor-element-7b26a9a e-flex e-con-boxed e-con e-child\" data-id=\"7b26a9a\" data-element_type=\"container\">\n\t\t\t\t\t<div class=\"e-con-inner\">\n\t\t\t\t<div class=\"elementor-element elementor-element-e99a0ef aleft elementor-widget elementor-widget-wgl-double-heading\" data-id=\"e99a0ef\" data-element_type=\"widget\" data-widget_type=\"wgl-double-heading.default\">\n\t\t\t\t<div class=\"elementor-widget-container\">\n\t\t\t<div class=\"wgl-double-heading\"><h3 class=\"dblh__title-wrapper\"><span class=\"dblh__title dblh__title-1\">REALISIERT<\/span><\/h3><\/div>\t\t<\/div>\n\t\t\t\t<\/div>\n\t\t\t\t\t<\/div>\n\t\t\t\t<\/div>\n\t\t<div class=\"elementor-element elementor-element-4476869 e-flex e-con-boxed e-con e-child\" data-id=\"4476869\" data-element_type=\"container\">\n\t\t\t\t\t<div class=\"e-con-inner\">\n\t\t\t\t<div class=\"elementor-element elementor-element-1002a42 elementor-widget__width-initial elementor-widget elementor-widget-text-editor\" data-id=\"1002a42\" data-element_type=\"widget\" data-widget_type=\"text-editor.default\">\n\t\t\t\t<div class=\"elementor-widget-container\">\n\t\t\t\t\t\t\tHUBNPD ist bereits seit mehr als 15 Jahren im Gesch\u00e4ft. In dieser Zeit haben wir Dutzende von Projekten abgeschlossen, bei denen wir viele Probleme \u00fcberwunden haben. Nat\u00fcrlich war es nicht ohne H\u00f6hen und Tiefen, aber jeder Herbst\nhat uns geholfen, noch bessere Erfahrungen in den verschiedenen Lebensmittelindustrien zu sammeln. Erfahren Sie mehr \u00fcber einige unserer abgeschlossenen Projekte.\t\t\t\t\t\t<\/div>\n\t\t\t\t<\/div>\n\t\t\t\t\t<\/div>\n\t\t\t\t<\/div>\n\t\t\t\t\t<\/div>\n\t\t\t\t<\/div>\n\t\t<div class=\"elementor-element elementor-element-fb514b1 e-flex e-con-boxed e-con e-parent\" data-id=\"fb514b1\" data-element_type=\"container\">\n\t\t\t\t\t<div class=\"e-con-inner\">\n\t\t<div class=\"elementor-element elementor-element-c136a50 e-flex e-con-boxed e-con e-child\" data-id=\"c136a50\" data-element_type=\"container\">\n\t\t\t\t\t<div class=\"e-con-inner\">\n\t\t\t\t<div class=\"elementor-element elementor-element-367a1b2 elementor-widget elementor-widget-spacer\" data-id=\"367a1b2\" data-element_type=\"widget\" data-widget_type=\"spacer.default\">\n\t\t\t\t<div class=\"elementor-widget-container\">\n\t\t\t\t\t<div class=\"elementor-spacer\">\n\t\t\t<div class=\"elementor-spacer-inner\"><\/div>\n\t\t<\/div>\n\t\t\t\t<\/div>\n\t\t\t\t<\/div>\n\t\t\t\t<div class=\"elementor-element elementor-element-be31f6c elementor-widget elementor-widget-wgl-portfolio\" data-id=\"be31f6c\" data-element_type=\"widget\" data-settings=\"{&quot;grid_gap&quot;:{&quot;unit&quot;:&quot;px&quot;,&quot;size&quot;:30,&quot;sizes&quot;:[]},&quot;grid_gap_tablet&quot;:{&quot;unit&quot;:&quot;px&quot;,&quot;size&quot;:&quot;&quot;,&quot;sizes&quot;:[]},&quot;grid_gap_mobile&quot;:{&quot;unit&quot;:&quot;px&quot;,&quot;size&quot;:&quot;&quot;,&quot;sizes&quot;:[]}}\" data-widget_type=\"wgl-portfolio.default\">\n\t\t\t\t<div class=\"elementor-widget-container\">\n\t\t\t<section class=\"wgl_cpt_section\"><div class=\"wgl-portfolio\" id=\"portfolio_module_69e76f8b556d3\"><div class=\"wgl-portfolio_header filter-left\"><div class=\"wgl-filter_wrapper portfolio__filter isotope-filter\"><div class=\"wgl-filter_swiper_wrapper\"><div class=\"swiper-wrapper\"><a href=\"#\" data-filter=\".portfolio__item\" class=\"isotope__filter swiper-slide active\"><span class=\"cat_title\">All<\/span><span class=\"filter_counter\"><\/span><\/a><\/div><\/div><\/div><\/div><div class=\"wgl-portfolio_wrapper\"><div class=\"wgl-portfolio_container container-grid row masonry isotope col-3\"><article class=\"portfolio__item item\"><div class=\"item__wrapper description_under_image\"><div class=\"item__image wgl-cursor-text\" data-cursor-class=\"wgl-element-be31f6c cursor-global elementor-repeater-item-be31f6c tooltip_bg cursor_center\" data-cursor-text=\"&lt;h6&gt;MEHR&lt;\/h6&gt;\" data-cursor-prop=\"none\"><div class=\"item__image-wrap\"><img decoding=\"async\" src=\"https:\/\/hubnpd.food\/wp-content\/uploads\/2024\/01\/PROJEKTY-UNIJNE-1-1-740x740.png\" alt=\"\"><\/div><a href=\"https:\/\/hubnpd.food\/de\/realizations\/eu-projekte\/\" class=\"single_link portfolio_link\"><\/a><\/div><div class=\"item__description\"><div class=\"description__wrapper\"><div class=\"item__title\"><h5 class=\"title\"><a href=\"https:\/\/hubnpd.food\/de\/realizations\/eu-projekte\/\" class=\"single_link\">EU-Projekte<\/a><\/h5><\/div><\/div><div class=\"description__footer\"><\/div><\/div><\/div><\/article><article class=\"portfolio__item item\"><div class=\"item__wrapper description_under_image\"><div class=\"item__image wgl-cursor-text\" data-cursor-class=\"wgl-element-be31f6c cursor-global elementor-repeater-item-be31f6c tooltip_bg cursor_center\" data-cursor-text=\"&lt;h6&gt;MEHR&lt;\/h6&gt;\" data-cursor-prop=\"none\"><div class=\"item__image-wrap\"><img decoding=\"async\" src=\"https:\/\/hubnpd.food\/wp-content\/uploads\/2025\/08\/Projekty-2-1-740x740.jpg\" alt=\"\"><\/div><a href=\"https:\/\/hubnpd.food\/de\/realizations\/projekte\/\" class=\"single_link portfolio_link\"><\/a><\/div><div class=\"item__description\"><div class=\"description__wrapper\"><div class=\"item__title\"><h5 class=\"title\"><a href=\"https:\/\/hubnpd.food\/de\/realizations\/projekte\/\" class=\"single_link\">Projekte<\/a><\/h5><\/div><\/div><div class=\"description__footer\"><\/div><\/div><\/div><\/article><article class=\"portfolio__item item\"><div class=\"item__wrapper description_under_image\"><div class=\"item__image wgl-cursor-text\" data-cursor-class=\"wgl-element-be31f6c cursor-global elementor-repeater-item-be31f6c tooltip_bg cursor_center\" data-cursor-text=\"&lt;h6&gt;MEHR&lt;\/h6&gt;\" data-cursor-prop=\"none\"><div class=\"item__image-wrap\"><img decoding=\"async\" src=\"https:\/\/hubnpd.food\/wp-content\/uploads\/2025\/08\/OPTYMALIZACJA-1-740x740.jpg\" alt=\"\"><\/div><a href=\"https:\/\/hubnpd.food\/de\/realizations\/rd-forschung-und-entwicklung\/\" class=\"single_link portfolio_link\"><\/a><\/div><div class=\"item__description\"><div class=\"description__wrapper\"><div class=\"item__title\"><h5 class=\"title\"><a href=\"https:\/\/hubnpd.food\/de\/realizations\/rd-forschung-und-entwicklung\/\" class=\"single_link\">R&amp;D<\/a><\/h5><\/div><\/div><div class=\"description__footer\"><\/div><\/div><\/div><\/article><article class=\"portfolio__item item\"><div class=\"item__wrapper description_under_image\"><div class=\"item__image wgl-cursor-text\" data-cursor-class=\"wgl-element-be31f6c cursor-global elementor-repeater-item-be31f6c tooltip_bg cursor_center\" data-cursor-text=\"&lt;h6&gt;MEHR&lt;\/h6&gt;\" data-cursor-prop=\"none\"><div class=\"item__image-wrap\"><img decoding=\"async\" src=\"https:\/\/hubnpd.food\/wp-content\/uploads\/2025\/08\/PRODUKTY-SPOZYWCZE-2-740x740.jpg\" alt=\"\"><\/div><a href=\"https:\/\/hubnpd.food\/de\/realizations\/produkty\/\" class=\"single_link portfolio_link\"><\/a><\/div><div class=\"item__description\"><div class=\"description__wrapper\"><div class=\"item__title\"><h5 class=\"title\"><a href=\"https:\/\/hubnpd.food\/de\/realizations\/produkty\/\" class=\"single_link\">Produkte<\/a><\/h5><\/div><\/div><div class=\"description__footer\"><\/div><\/div><\/div><\/article><article class=\"portfolio__item item\"><div class=\"item__wrapper description_under_image\"><div class=\"item__image wgl-cursor-text\" data-cursor-class=\"wgl-element-be31f6c cursor-global elementor-repeater-item-be31f6c tooltip_bg cursor_center\" data-cursor-text=\"&lt;h6&gt;MEHR&lt;\/h6&gt;\" data-cursor-prop=\"none\"><div class=\"item__image-wrap\"><img decoding=\"async\" src=\"https:\/\/hubnpd.food\/wp-content\/uploads\/2025\/08\/opakowania-1-740x740.jpg\" alt=\"\"><\/div><a href=\"https:\/\/hubnpd.food\/de\/realizations\/verpackung\/\" class=\"single_link portfolio_link\"><\/a><\/div><div class=\"item__description\"><div class=\"description__wrapper\"><div class=\"item__title\"><h5 class=\"title\"><a href=\"https:\/\/hubnpd.food\/de\/realizations\/verpackung\/\" class=\"single_link\">Verpackung<\/a><\/h5><\/div><\/div><div class=\"description__footer\"><\/div><\/div><\/div><\/article><article class=\"portfolio__item item\"><div class=\"item__wrapper description_under_image\"><div class=\"item__image wgl-cursor-text\" data-cursor-class=\"wgl-element-be31f6c cursor-global elementor-repeater-item-be31f6c tooltip_bg cursor_center\" data-cursor-text=\"&lt;h6&gt;MEHR&lt;\/h6&gt;\" data-cursor-prop=\"none\"><div class=\"item__image-wrap\"><img decoding=\"async\" src=\"https:\/\/hubnpd.food\/wp-content\/uploads\/2025\/08\/opakowania-3-740x740.jpg\" alt=\"\"><\/div><a href=\"https:\/\/hubnpd.food\/de\/realizations\/rezepte\/\" class=\"single_link portfolio_link\"><\/a><\/div><div class=\"item__description\"><div class=\"description__wrapper\"><div class=\"item__title\"><h5 class=\"title\"><a href=\"https:\/\/hubnpd.food\/de\/realizations\/rezepte\/\" class=\"single_link\">Rezepte<\/a><\/h5><\/div><\/div><div class=\"description__footer\"><\/div><\/div><\/div><\/article><\/div><\/div><\/div><\/section>\t\t<\/div>\n\t\t\t\t<\/div>\n\t\t\t\t<div class=\"elementor-element elementor-element-ce6e916 elementor-widget elementor-widget-spacer\" data-id=\"ce6e916\" data-element_type=\"widget\" data-widget_type=\"spacer.default\">\n\t\t\t\t<div class=\"elementor-widget-container\">\n\t\t\t\t\t<div class=\"elementor-spacer\">\n\t\t\t<div class=\"elementor-spacer-inner\"><\/div>\n\t\t<\/div>\n\t\t\t\t<\/div>\n\t\t\t\t<\/div>\n\t\t\t\t\t<\/div>\n\t\t\t\t<\/div>\n\t\t\t\t\t<\/div>\n\t\t\t\t<\/div>\n\t\t\t\t<\/div>\n\t\t","protected":false},"excerpt":{"rendered":"<p>REALISIERT HUBNPD ist bereits seit mehr als 15 Jahren im Gesch\u00e4ft. In dieser Zeit haben wir Dutzende von Projekten abgeschlossen, bei denen wir viele Probleme \u00fcberwunden haben. Nat\u00fcrlich war es nicht ohne H\u00f6hen und Tiefen, aber jeder Herbst hat uns geholfen, noch bessere Erfahrungen in den verschiedenen Lebensmittelindustrien zu sammeln. Erfahren Sie mehr \u00fcber einige [&hellip;]<\/p>\n","protected":false},"author":1,"featured_media":0,"parent":0,"menu_order":0,"comment_status":"closed","ping_status":"closed","template":"","meta":{"footnotes":""},"class_list":["post-5408","page","type-page","status-publish","hentry"],"yoast_head":"<!-- This site is optimized with the Yoast SEO plugin v23.9 - https:\/\/yoast.com\/wordpress\/plugins\/seo\/ -->\n<title>REALISATIONS - HUBNPD<\/title>\n<meta name=\"robots\" content=\"index, follow, max-snippet:-1, max-image-preview:large, max-video-preview:-1\" \/>\n<link rel=\"canonical\" href=\"https:\/\/hubnpd.food\/de\/realisations\/\" \/>\n<meta property=\"og:locale\" content=\"de_DE\" \/>\n<meta property=\"og:type\" content=\"article\" \/>\n<meta property=\"og:title\" content=\"REALISATIONS - HUBNPD\" \/>\n<meta property=\"og:description\" content=\"REALISIERT HUBNPD ist bereits seit mehr als 15 Jahren im Gesch\u00e4ft. In dieser Zeit haben wir Dutzende von Projekten abgeschlossen, bei denen wir viele Probleme \u00fcberwunden haben. Nat\u00fcrlich war es nicht ohne H\u00f6hen und Tiefen, aber jeder Herbst hat uns geholfen, noch bessere Erfahrungen in den verschiedenen Lebensmittelindustrien zu sammeln. Erfahren Sie mehr \u00fcber einige [&hellip;]\" \/>\n<meta property=\"og:url\" content=\"https:\/\/hubnpd.food\/de\/realisations\/\" \/>\n<meta property=\"og:site_name\" content=\"HUBNPD\" \/>\n<meta property=\"article:publisher\" content=\"https:\/\/www.facebook.com\/HUBNPD\/\" \/>\n<meta property=\"article:modified_time\" content=\"2025-09-07T14:43:17+00:00\" \/>\n<meta property=\"og:image\" content=\"https:\/\/hubnpd.food\/wp-content\/uploads\/2024\/01\/PROJEKTY-UNIJNE-1-1-740x740.png\" \/>\n<meta name=\"twitter:card\" content=\"summary_large_image\" \/>\n<meta name=\"twitter:site\" content=\"@hubnpd\" \/>\n<script type=\"application\/ld+json\" class=\"yoast-schema-graph\">{\"@context\":\"https:\/\/schema.org\",\"@graph\":[{\"@type\":\"WebPage\",\"@id\":\"https:\/\/hubnpd.food\/de\/realisations\/\",\"url\":\"https:\/\/hubnpd.food\/de\/realisations\/\",\"name\":\"REALISATIONS - HUBNPD\",\"isPartOf\":{\"@id\":\"https:\/\/hubnpd.food\/#website\"},\"primaryImageOfPage\":{\"@id\":\"https:\/\/hubnpd.food\/de\/realisations\/#primaryimage\"},\"image\":{\"@id\":\"https:\/\/hubnpd.food\/de\/realisations\/#primaryimage\"},\"thumbnailUrl\":\"https:\/\/hubnpd.food\/wp-content\/uploads\/2024\/01\/PROJEKTY-UNIJNE-1-1-740x740.png\",\"datePublished\":\"2024-01-03T08:33:18+00:00\",\"dateModified\":\"2025-09-07T14:43:17+00:00\",\"breadcrumb\":{\"@id\":\"https:\/\/hubnpd.food\/de\/realisations\/#breadcrumb\"},\"inLanguage\":\"de\",\"potentialAction\":[{\"@type\":\"ReadAction\",\"target\":[\"https:\/\/hubnpd.food\/de\/realisations\/\"]}]},{\"@type\":\"ImageObject\",\"inLanguage\":\"de\",\"@id\":\"https:\/\/hubnpd.food\/de\/realisations\/#primaryimage\",\"url\":\"https:\/\/hubnpd.food\/wp-content\/uploads\/2024\/01\/PROJEKTY-UNIJNE-1-1-740x740.png\",\"contentUrl\":\"https:\/\/hubnpd.food\/wp-content\/uploads\/2024\/01\/PROJEKTY-UNIJNE-1-1-740x740.png\"},{\"@type\":\"BreadcrumbList\",\"@id\":\"https:\/\/hubnpd.food\/de\/realisations\/#breadcrumb\",\"itemListElement\":[{\"@type\":\"ListItem\",\"position\":1,\"name\":\"Strona g\u0142\u00f3wna\",\"item\":\"https:\/\/hubnpd.food\/de\/\"},{\"@type\":\"ListItem\",\"position\":2,\"name\":\"REALISATIONS\"}]},{\"@type\":\"WebSite\",\"@id\":\"https:\/\/hubnpd.food\/#website\",\"url\":\"https:\/\/hubnpd.food\/\",\"name\":\"HUBNPD\",\"description\":\"YOUR NPD PARTNER\",\"publisher\":{\"@id\":\"https:\/\/hubnpd.food\/#organization\"},\"alternateName\":\"CENTRUM INNOWACJI SPO\u017bYWCZYCH\",\"potentialAction\":[{\"@type\":\"SearchAction\",\"target\":{\"@type\":\"EntryPoint\",\"urlTemplate\":\"https:\/\/hubnpd.food\/?s={search_term_string}\"},\"query-input\":{\"@type\":\"PropertyValueSpecification\",\"valueRequired\":true,\"valueName\":\"search_term_string\"}}],\"inLanguage\":\"de\"},{\"@type\":\"Organization\",\"@id\":\"https:\/\/hubnpd.food\/#organization\",\"name\":\"HUBNPD\",\"alternateName\":\"CENTURM INNOWACJI SPO\u017bYWCZYCH\",\"url\":\"https:\/\/hubnpd.food\/\",\"logo\":{\"@type\":\"ImageObject\",\"inLanguage\":\"de\",\"@id\":\"https:\/\/hubnpd.food\/#\/schema\/logo\/image\/\",\"url\":\"https:\/\/hubnpd.food\/wp-content\/uploads\/2024\/11\/cropped-unnamed.png\",\"contentUrl\":\"https:\/\/hubnpd.food\/wp-content\/uploads\/2024\/11\/cropped-unnamed.png\",\"width\":512,\"height\":512,\"caption\":\"HUBNPD\"},\"image\":{\"@id\":\"https:\/\/hubnpd.food\/#\/schema\/logo\/image\/\"},\"sameAs\":[\"https:\/\/www.facebook.com\/HUBNPD\/\",\"https:\/\/x.com\/hubnpd\"]}]}<\/script>\n<!-- \/ Yoast SEO plugin. -->","yoast_head_json":{"title":"REALISATIONS - HUBNPD","robots":{"index":"index","follow":"follow","max-snippet":"max-snippet:-1","max-image-preview":"max-image-preview:large","max-video-preview":"max-video-preview:-1"},"canonical":"https:\/\/hubnpd.food\/de\/realisations\/","og_locale":"de_DE","og_type":"article","og_title":"REALISATIONS - HUBNPD","og_description":"REALISIERT HUBNPD ist bereits seit mehr als 15 Jahren im Gesch\u00e4ft. In dieser Zeit haben wir Dutzende von Projekten abgeschlossen, bei denen wir viele Probleme \u00fcberwunden haben. Nat\u00fcrlich war es nicht ohne H\u00f6hen und Tiefen, aber jeder Herbst hat uns geholfen, noch bessere Erfahrungen in den verschiedenen Lebensmittelindustrien zu sammeln. Erfahren Sie mehr \u00fcber einige [&hellip;]","og_url":"https:\/\/hubnpd.food\/de\/realisations\/","og_site_name":"HUBNPD","article_publisher":"https:\/\/www.facebook.com\/HUBNPD\/","article_modified_time":"2025-09-07T14:43:17+00:00","og_image":[{"url":"https:\/\/hubnpd.food\/wp-content\/uploads\/2024\/01\/PROJEKTY-UNIJNE-1-1-740x740.png"}],"twitter_card":"summary_large_image","twitter_site":"@hubnpd","schema":{"@context":"https:\/\/schema.org","@graph":[{"@type":"WebPage","@id":"https:\/\/hubnpd.food\/de\/realisations\/","url":"https:\/\/hubnpd.food\/de\/realisations\/","name":"REALISATIONS - HUBNPD","isPartOf":{"@id":"https:\/\/hubnpd.food\/#website"},"primaryImageOfPage":{"@id":"https:\/\/hubnpd.food\/de\/realisations\/#primaryimage"},"image":{"@id":"https:\/\/hubnpd.food\/de\/realisations\/#primaryimage"},"thumbnailUrl":"https:\/\/hubnpd.food\/wp-content\/uploads\/2024\/01\/PROJEKTY-UNIJNE-1-1-740x740.png","datePublished":"2024-01-03T08:33:18+00:00","dateModified":"2025-09-07T14:43:17+00:00","breadcrumb":{"@id":"https:\/\/hubnpd.food\/de\/realisations\/#breadcrumb"},"inLanguage":"de","potentialAction":[{"@type":"ReadAction","target":["https:\/\/hubnpd.food\/de\/realisations\/"]}]},{"@type":"ImageObject","inLanguage":"de","@id":"https:\/\/hubnpd.food\/de\/realisations\/#primaryimage","url":"https:\/\/hubnpd.food\/wp-content\/uploads\/2024\/01\/PROJEKTY-UNIJNE-1-1-740x740.png","contentUrl":"https:\/\/hubnpd.food\/wp-content\/uploads\/2024\/01\/PROJEKTY-UNIJNE-1-1-740x740.png"},{"@type":"BreadcrumbList","@id":"https:\/\/hubnpd.food\/de\/realisations\/#breadcrumb","itemListElement":[{"@type":"ListItem","position":1,"name":"Strona g\u0142\u00f3wna","item":"https:\/\/hubnpd.food\/de\/"},{"@type":"ListItem","position":2,"name":"REALISATIONS"}]},{"@type":"WebSite","@id":"https:\/\/hubnpd.food\/#website","url":"https:\/\/hubnpd.food\/","name":"HUBNPD","description":"YOUR NPD PARTNER","publisher":{"@id":"https:\/\/hubnpd.food\/#organization"},"alternateName":"CENTRUM INNOWACJI SPO\u017bYWCZYCH","potentialAction":[{"@type":"SearchAction","target":{"@type":"EntryPoint","urlTemplate":"https:\/\/hubnpd.food\/?s={search_term_string}"},"query-input":{"@type":"PropertyValueSpecification","valueRequired":true,"valueName":"search_term_string"}}],"inLanguage":"de"},{"@type":"Organization","@id":"https:\/\/hubnpd.food\/#organization","name":"HUBNPD","alternateName":"CENTURM INNOWACJI SPO\u017bYWCZYCH","url":"https:\/\/hubnpd.food\/","logo":{"@type":"ImageObject","inLanguage":"de","@id":"https:\/\/hubnpd.food\/#\/schema\/logo\/image\/","url":"https:\/\/hubnpd.food\/wp-content\/uploads\/2024\/11\/cropped-unnamed.png","contentUrl":"https:\/\/hubnpd.food\/wp-content\/uploads\/2024\/11\/cropped-unnamed.png","width":512,"height":512,"caption":"HUBNPD"},"image":{"@id":"https:\/\/hubnpd.food\/#\/schema\/logo\/image\/"},"sameAs":["https:\/\/www.facebook.com\/HUBNPD\/","https:\/\/x.com\/hubnpd"]}]}},"_links":{"self":[{"href":"https:\/\/hubnpd.food\/de\/wp-json\/wp\/v2\/pages\/5408","targetHints":{"allow":["GET"]}}],"collection":[{"href":"https:\/\/hubnpd.food\/de\/wp-json\/wp\/v2\/pages"}],"about":[{"href":"https:\/\/hubnpd.food\/de\/wp-json\/wp\/v2\/types\/page"}],"author":[{"embeddable":true,"href":"https:\/\/hubnpd.food\/de\/wp-json\/wp\/v2\/users\/1"}],"replies":[{"embeddable":true,"href":"https:\/\/hubnpd.food\/de\/wp-json\/wp\/v2\/comments?post=5408"}],"version-history":[{"count":1,"href":"https:\/\/hubnpd.food\/de\/wp-json\/wp\/v2\/pages\/5408\/revisions"}],"predecessor-version":[{"id":5409,"href":"https:\/\/hubnpd.food\/de\/wp-json\/wp\/v2\/pages\/5408\/revisions\/5409"}],"wp:attachment":[{"href":"https:\/\/hubnpd.food\/de\/wp-json\/wp\/v2\/media?parent=5408"}],"curies":[{"name":"wp","href":"https:\/\/api.w.org\/{rel}","templated":true}]}}