{"id":5056,"date":"2023-12-25T11:58:08","date_gmt":"2023-12-25T11:58:08","guid":{"rendered":"https:\/\/hubnpd.food\/kontakt-de\/"},"modified":"2025-09-07T16:16:17","modified_gmt":"2025-09-07T16:16:17","slug":"kontakt-de","status":"publish","type":"page","link":"https:\/\/hubnpd.food\/de\/kontakt-de\/","title":{"rendered":"Kontakt"},"content":{"rendered":"\t\t<div data-elementor-type=\"wp-page\" data-elementor-id=\"5056\" class=\"elementor elementor-5056 elementor-78\">\n\t\t\t\t<div class=\"elementor-element elementor-element-11804ae e-flex e-con-boxed e-con e-parent\" data-id=\"11804ae\" data-element_type=\"container\">\n\t\t\t\t\t<div class=\"e-con-inner\">\n\t\t\t\t<div class=\"elementor-element elementor-element-0981362 elementor-widget elementor-widget-spacer\" data-id=\"0981362\" data-element_type=\"widget\" data-widget_type=\"spacer.default\">\n\t\t\t\t<div class=\"elementor-widget-container\">\n\t\t\t\t\t<div class=\"elementor-spacer\">\n\t\t\t<div class=\"elementor-spacer-inner\"><\/div>\n\t\t<\/div>\n\t\t\t\t<\/div>\n\t\t\t\t<\/div>\n\t\t<div class=\"elementor-element elementor-element-806d978 e-flex e-con-boxed e-con e-child\" data-id=\"806d978\" data-element_type=\"container\">\n\t\t\t\t\t<div class=\"e-con-inner\">\n\t\t<div class=\"elementor-element elementor-element-5e6b53a e-con-full e-flex e-con e-child\" data-id=\"5e6b53a\" data-element_type=\"container\">\n\t\t\t\t<div class=\"elementor-element elementor-element-1814ea2 aleft elementor-widget elementor-widget-wgl-double-heading\" data-id=\"1814ea2\" data-element_type=\"widget\" data-widget_type=\"wgl-double-heading.default\">\n\t\t\t\t<div class=\"elementor-widget-container\">\n\t\t\t<div class=\"wgl-double-heading\"><h3 class=\"dblh__title-wrapper\"><span class=\"dblh__title dblh__title-1\">Erz\u00e4hlen Sie uns \n\u00fcber Ihr Projekt<\/span><\/h3><\/div>\t\t<\/div>\n\t\t\t\t<\/div>\n\t\t\t\t<\/div>\n\t\t<div class=\"elementor-element elementor-element-164f336 e-con-full e-flex e-con e-child\" data-id=\"164f336\" data-element_type=\"container\">\n\t\t\t\t<div class=\"elementor-element elementor-element-d5a766d elementor-widget elementor-widget-spacer\" data-id=\"d5a766d\" data-element_type=\"widget\" data-widget_type=\"spacer.default\">\n\t\t\t\t<div class=\"elementor-widget-container\">\n\t\t\t\t\t<div class=\"elementor-spacer\">\n\t\t\t<div class=\"elementor-spacer-inner\"><\/div>\n\t\t<\/div>\n\t\t\t\t<\/div>\n\t\t\t\t<\/div>\n\t\t<div class=\"elementor-element elementor-element-034b92c e-flex e-con-boxed e-con e-child\" data-id=\"034b92c\" data-element_type=\"container\">\n\t\t\t\t\t<div class=\"e-con-inner\">\n\t\t<div class=\"elementor-element elementor-element-fa1370b e-con-full e-flex e-con e-child\" data-id=\"fa1370b\" data-element_type=\"container\">\n\t\t\t\t<div class=\"elementor-element elementor-element-7dd6e7c elementor-widget elementor-widget-text-editor\" data-id=\"7dd6e7c\" data-element_type=\"widget\" data-widget_type=\"text-editor.default\">\n\t\t\t\t<div class=\"elementor-widget-container\">\n\t\t\t\t\t\t\t<p><span class=\"theme-header-font\">Standort<\/span><\/p>\n\t\t\t\t\t\t<\/div>\n\t\t\t\t<\/div>\n\t\t\t\t<\/div>\n\t\t<div class=\"elementor-element elementor-element-2095753 e-con-full e-flex e-con e-child\" data-id=\"2095753\" data-element_type=\"container\">\n\t\t\t\t<div class=\"elementor-element elementor-element-da5dbab elementor-widget elementor-widget-text-editor\" data-id=\"da5dbab\" data-element_type=\"widget\" data-widget_type=\"text-editor.default\">\n\t\t\t\t<div class=\"elementor-widget-container\">\n\t\t\t\t\t\t\t<p><span class=\"theme-header-font\">ul. Krochmalna 24 lok.  12<\/span><\/p>\n<p><span class=\"theme-header-font\">20-401 <\/span><span class=\"theme-header-font\">Lublin, Polska<\/span><\/p>\n\t\t\t\t\t\t<\/div>\n\t\t\t\t<\/div>\n\t\t\t\t<\/div>\n\t\t\t\t\t<\/div>\n\t\t\t\t<\/div>\n\t\t<div class=\"elementor-element elementor-element-202ecd1 e-flex e-con-boxed e-con e-child\" data-id=\"202ecd1\" data-element_type=\"container\">\n\t\t\t\t\t<div class=\"e-con-inner\">\n\t\t<div class=\"elementor-element elementor-element-4d35cce e-con-full e-flex e-con e-child\" data-id=\"4d35cce\" data-element_type=\"container\">\n\t\t\t\t<div class=\"elementor-element elementor-element-f9ce692 elementor-widget elementor-widget-text-editor\" data-id=\"f9ce692\" data-element_type=\"widget\" data-widget_type=\"text-editor.default\">\n\t\t\t\t<div class=\"elementor-widget-container\">\n\t\t\t\t\t\t\t<p><span class=\"theme-header-font\">lass uns reden<\/span><\/p>\n\t\t\t\t\t\t<\/div>\n\t\t\t\t<\/div>\n\t\t\t\t<\/div>\n\t\t<div class=\"elementor-element elementor-element-60b947a e-con-full e-flex e-con e-child\" data-id=\"60b947a\" data-element_type=\"container\">\n\t\t\t\t<div class=\"elementor-element elementor-element-914f641 elementor-widget elementor-widget-text-editor\" data-id=\"914f641\" data-element_type=\"widget\" data-widget_type=\"text-editor.default\">\n\t\t\t\t<div class=\"elementor-widget-container\">\n\t\t\t\t\t\t\t<p><span>+48 22 300 12 15<\/span><\/p>\n\t\t\t\t\t\t<\/div>\n\t\t\t\t<\/div>\n\t\t\t\t<\/div>\n\t\t\t\t\t<\/div>\n\t\t\t\t<\/div>\n\t\t<div class=\"elementor-element elementor-element-37f3c89 e-flex e-con-boxed e-con e-child\" data-id=\"37f3c89\" data-element_type=\"container\">\n\t\t\t\t\t<div class=\"e-con-inner\">\n\t\t<div class=\"elementor-element elementor-element-c4ca0fb e-con-full e-flex e-con e-child\" data-id=\"c4ca0fb\" data-element_type=\"container\">\n\t\t\t\t<div class=\"elementor-element elementor-element-71f7290 elementor-widget elementor-widget-text-editor\" data-id=\"71f7290\" data-element_type=\"widget\" data-widget_type=\"text-editor.default\">\n\t\t\t\t<div class=\"elementor-widget-container\">\n\t\t\t\t\t\t\t<p><span class=\"theme-header-font\">wir arbeiten<\/span><\/p>\n\t\t\t\t\t\t<\/div>\n\t\t\t\t<\/div>\n\t\t\t\t<\/div>\n\t\t<div class=\"elementor-element elementor-element-f7f8248 e-con-full e-flex e-con e-child\" data-id=\"f7f8248\" data-element_type=\"container\">\n\t\t\t\t<div class=\"elementor-element elementor-element-406c2b8 elementor-widget elementor-widget-text-editor\" data-id=\"406c2b8\" data-element_type=\"widget\" data-widget_type=\"text-editor.default\">\n\t\t\t\t<div class=\"elementor-widget-container\">\n\t\t\t\t\t\t\t<p><span class=\"theme-header-font\">pon. &#8211; pt.: 8 &#8211; 16<\/span><\/p>\n\t\t\t\t\t\t<\/div>\n\t\t\t\t<\/div>\n\t\t\t\t<\/div>\n\t\t\t\t\t<\/div>\n\t\t\t\t<\/div>\n\t\t<div class=\"elementor-element elementor-element-904a651 e-flex e-con-boxed e-con e-child\" data-id=\"904a651\" data-element_type=\"container\">\n\t\t\t\t\t<div class=\"e-con-inner\">\n\t\t<div class=\"elementor-element elementor-element-3adcbfc e-con-full e-flex e-con e-child\" data-id=\"3adcbfc\" data-element_type=\"container\">\n\t\t\t\t<\/div>\n\t\t<div class=\"elementor-element elementor-element-88f64e8 e-con-full e-flex e-con e-child\" data-id=\"88f64e8\" data-element_type=\"container\">\n\t\t\t\t<div class=\"elementor-element elementor-element-fa12a7f aleft elementor-widget elementor-widget-wgl-button\" data-id=\"fa12a7f\" data-element_type=\"widget\" data-widget_type=\"wgl-button.default\">\n\t\t\t\t<div class=\"elementor-widget-container\">\n\t\t\t<a class=\"wgl-button btn-size-xl \" role=\"button\" href=\"https:\/\/www.linkedin.com\/company\/hubnpd\/\"><div class=\"button__content \"><span class=\"button__text\">LINKEDIN<\/span><\/div><\/a>\t\t<\/div>\n\t\t\t\t<\/div>\n\t\t\t\t<div class=\"elementor-element elementor-element-fc97bd4 aleft elementor-widget elementor-widget-wgl-button\" data-id=\"fc97bd4\" data-element_type=\"widget\" data-widget_type=\"wgl-button.default\">\n\t\t\t\t<div class=\"elementor-widget-container\">\n\t\t\t<a class=\"wgl-button btn-size-xl \" role=\"button\" href=\"https:\/\/x.com\/\"><div class=\"button__content \"><span class=\"button__text\">X<\/span><\/div><\/a>\t\t<\/div>\n\t\t\t\t<\/div>\n\t\t\t\t<div class=\"elementor-element elementor-element-875dbbd aleft elementor-widget elementor-widget-wgl-button\" data-id=\"875dbbd\" data-element_type=\"widget\" data-widget_type=\"wgl-button.default\">\n\t\t\t\t<div class=\"elementor-widget-container\">\n\t\t\t<a class=\"wgl-button btn-size-xl \" role=\"button\" href=\"https:\/\/www.facebook.com\/HUBNPD\/\"><div class=\"button__content \"><span class=\"button__text\">facebook<\/span><\/div><\/a>\t\t<\/div>\n\t\t\t\t<\/div>\n\t\t\t\t<\/div>\n\t\t\t\t\t<\/div>\n\t\t\t\t<\/div>\n\t\t\t\t<\/div>\n\t\t\t\t\t<\/div>\n\t\t\t\t<\/div>\n\t\t\t\t\t<\/div>\n\t\t\t\t<\/div>\n\t\t<div class=\"elementor-element elementor-element-b746eab e-flex e-con-boxed e-con e-parent\" data-id=\"b746eab\" data-element_type=\"container\">\n\t\t\t\t\t<div class=\"e-con-inner\">\n\t\t\t\t<div class=\"elementor-element elementor-element-0f3a86a elementor-widget elementor-widget-spacer\" data-id=\"0f3a86a\" data-element_type=\"widget\" data-widget_type=\"spacer.default\">\n\t\t\t\t<div class=\"elementor-widget-container\">\n\t\t\t\t\t<div class=\"elementor-spacer\">\n\t\t\t<div class=\"elementor-spacer-inner\"><\/div>\n\t\t<\/div>\n\t\t\t\t<\/div>\n\t\t\t\t<\/div>\n\t\t<div class=\"elementor-element elementor-element-b9f9a7f e-flex e-con-boxed e-con e-child\" data-id=\"b9f9a7f\" data-element_type=\"container\">\n\t\t\t\t\t<div class=\"e-con-inner\">\n\t\t\t\t<div class=\"elementor-element elementor-element-e0005ab acenter visibility-always elementor-widget elementor-widget-wgl-text-editor\" data-id=\"e0005ab\" data-element_type=\"widget\" data-widget_type=\"wgl-text-editor.default\">\n\t\t\t\t<div class=\"elementor-widget-container\">\n\t\t\t<div class=\"wgl-text-editor mask_effect\"><h3 class=\"text-editor_wrapper\"><a href=\"mailto:office@hubnpd.food\" target=\"_blank\">office@hubnpd.food<\/a><\/h3><div class=\"text-editor_wrapper text-editor_wrapper-clone\"><a href=\"mailto:office@hubnpd.food\" target=\"_blank\">office@hubnpd.food<\/a><\/div><\/div>\t\t<\/div>\n\t\t\t\t<\/div>\n\t\t\t\t\t<\/div>\n\t\t\t\t<\/div>\n\t\t\t\t<div class=\"elementor-element elementor-element-7c3ae39 elementor-widget elementor-widget-spacer\" data-id=\"7c3ae39\" data-element_type=\"widget\" data-widget_type=\"spacer.default\">\n\t\t\t\t<div class=\"elementor-widget-container\">\n\t\t\t\t\t<div class=\"elementor-spacer\">\n\t\t\t<div class=\"elementor-spacer-inner\"><\/div>\n\t\t<\/div>\n\t\t\t\t<\/div>\n\t\t\t\t<\/div>\n\t\t\t\t\t<\/div>\n\t\t\t\t<\/div>\n\t\t<div class=\"elementor-element elementor-element-b668dbc e-con-full e-flex e-con e-parent\" data-id=\"b668dbc\" data-element_type=\"container\">\n\t\t\t\t<div class=\"elementor-element elementor-element-bf4ecea elementor-widget elementor-widget-google_maps\" data-id=\"bf4ecea\" data-element_type=\"widget\" data-widget_type=\"google_maps.default\">\n\t\t\t\t<div class=\"elementor-widget-container\">\n\t\t\t\t\t<div class=\"elementor-custom-embed\">\n\t\t\t<iframe loading=\"lazy\"\n\t\t\t\t\tsrc=\"https:\/\/maps.google.com\/maps?q=Krochmalna%2024%2F1220-402%20Lublin&#038;t=m&#038;z=10&#038;output=embed&#038;iwloc=near\"\n\t\t\t\t\ttitle=\"Krochmalna 24\/1220-402 Lublin\"\n\t\t\t\t\taria-label=\"Krochmalna 24\/1220-402 Lublin\"\n\t\t\t><\/iframe>\n\t\t<\/div>\n\t\t\t\t<\/div>\n\t\t\t\t<\/div>\n\t\t\t\t<\/div>\n\t\t<div class=\"elementor-element elementor-element-3b969fc e-flex e-con-boxed e-con e-parent\" data-id=\"3b969fc\" data-element_type=\"container\">\n\t\t\t\t\t<div class=\"e-con-inner\">\n\t\t\t\t<div class=\"elementor-element elementor-element-d03f9e5 elementor-widget elementor-widget-spacer\" data-id=\"d03f9e5\" data-element_type=\"widget\" data-widget_type=\"spacer.default\">\n\t\t\t\t<div class=\"elementor-widget-container\">\n\t\t\t\t\t<div class=\"elementor-spacer\">\n\t\t\t<div class=\"elementor-spacer-inner\"><\/div>\n\t\t<\/div>\n\t\t\t\t<\/div>\n\t\t\t\t<\/div>\n\t\t<div class=\"elementor-element elementor-element-e9b940c e-flex e-con-boxed e-con e-child\" data-id=\"e9b940c\" data-element_type=\"container\">\n\t\t\t\t\t<div class=\"e-con-inner\">\n\t\t\t\t<div class=\"elementor-element elementor-element-3b0b3dc acenter elementor-widget__width-initial elementor-widget elementor-widget-wgl-double-heading\" data-id=\"3b0b3dc\" data-element_type=\"widget\" data-widget_type=\"wgl-double-heading.default\">\n\t\t\t\t<div class=\"elementor-widget-container\">\n\t\t\t<div class=\"wgl-double-heading\"><h3 class=\"dblh__title-wrapper\"><span class=\"dblh__title dblh__title-1\">Wir realisieren Ihr Projekt<\/span><\/h3><\/div>\t\t<\/div>\n\t\t\t\t<\/div>\n\t\t\t\t<div class=\"elementor-element elementor-element-4d2c273 elementor-widget elementor-widget-spacer\" data-id=\"4d2c273\" data-element_type=\"widget\" data-widget_type=\"spacer.default\">\n\t\t\t\t<div class=\"elementor-widget-container\">\n\t\t\t\t\t<div class=\"elementor-spacer\">\n\t\t\t<div class=\"elementor-spacer-inner\"><\/div>\n\t\t<\/div>\n\t\t\t\t<\/div>\n\t\t\t\t<\/div>\n\t\t\t\t<div class=\"elementor-element elementor-element-12f3788 acenter elementor-widget__width-initial elementor-widget elementor-widget-wgl-contact-form-7\" data-id=\"12f3788\" data-element_type=\"widget\" data-widget_type=\"wgl-contact-form-7.default\">\n\t\t\t\t<div class=\"elementor-widget-container\">\n\t\t\t<div class=\"wgl-contact-form-7\">\n<div class=\"wpcf7 no-js\" id=\"wpcf7-f5473-o1\" lang=\"en-US\" dir=\"ltr\" data-wpcf7-id=\"5473\">\n<div class=\"screen-reader-response\"><p role=\"status\" aria-live=\"polite\" aria-atomic=\"true\"><\/p> <ul><\/ul><\/div>\n<form action=\"\/de\/wp-json\/wp\/v2\/pages\/5056#wpcf7-f5473-o1\" method=\"post\" class=\"wpcf7-form init\" aria-label=\"Kontaktformular\" novalidate=\"novalidate\" data-status=\"init\">\n<div style=\"display: none;\">\n<input type=\"hidden\" name=\"_wpcf7\" value=\"5473\" \/>\n<input type=\"hidden\" name=\"_wpcf7_version\" value=\"6.0\" \/>\n<input type=\"hidden\" name=\"_wpcf7_locale\" value=\"en_US\" \/>\n<input type=\"hidden\" name=\"_wpcf7_unit_tag\" value=\"wpcf7-f5473-o1\" \/>\n<input type=\"hidden\" name=\"_wpcf7_container_post\" value=\"0\" \/>\n<input type=\"hidden\" name=\"_wpcf7_posted_data_hash\" value=\"\" \/>\n<input type=\"hidden\" name=\"_wpcf7_recaptcha_response\" value=\"\" \/>\n<\/div>\n<label> Ihr Vor- und Nachname\n    <span class=\"wpcf7-form-control-wrap\" data-name=\"your-name\"><input size=\"40\" maxlength=\"400\" class=\"wpcf7-form-control wpcf7-text wpcf7-validates-as-required\" autocomplete=\"name\" aria-required=\"true\" aria-invalid=\"false\" value=\"\" type=\"text\" name=\"your-name\" \/><\/span> <\/label>\n\n<label> Ihre E-Mail-Adresse\n    <span class=\"wpcf7-form-control-wrap\" data-name=\"your-email\"><input size=\"40\" maxlength=\"400\" class=\"wpcf7-form-control wpcf7-email wpcf7-validates-as-required wpcf7-text wpcf7-validates-as-email\" autocomplete=\"email\" aria-required=\"true\" aria-invalid=\"false\" value=\"\" type=\"email\" name=\"your-email\" \/><\/span> <\/label>\n\n<label> Ihre Telefonnummer (bitte mit L\u00e4ndervorwahl)\n    <span class=\"wpcf7-form-control-wrap\" data-name=\"tel-378\"><input size=\"40\" maxlength=\"400\" class=\"wpcf7-form-control wpcf7-tel wpcf7-validates-as-required wpcf7-text wpcf7-validates-as-tel\" autocomplete=\"tel\" aria-required=\"true\" aria-invalid=\"false\" value=\"\" type=\"tel\" name=\"tel-378\" \/><\/span> <\/label>\n\n<label> Betreff\n    <span class=\"wpcf7-form-control-wrap\" data-name=\"your-subject\"><input size=\"40\" maxlength=\"400\" class=\"wpcf7-form-control wpcf7-text wpcf7-validates-as-required\" aria-required=\"true\" aria-invalid=\"false\" value=\"\" type=\"text\" name=\"your-subject\" \/><\/span> <\/label>\n\n<label> Ihre Nachricht (optional)\n    <span class=\"wpcf7-form-control-wrap\" data-name=\"your-message\"><textarea cols=\"40\" rows=\"10\" maxlength=\"2000\" class=\"wpcf7-form-control wpcf7-textarea\" aria-invalid=\"false\" name=\"your-message\"><\/textarea><\/span> <\/label>\n\n<input class=\"wpcf7-form-control wpcf7-submit has-spinner\" type=\"submit\" value=\"Senden\" \/><div class=\"wpcf7-response-output\" aria-hidden=\"true\"><\/div>\n<\/form>\n<\/div>\n<\/div>\t\t<\/div>\n\t\t\t\t<\/div>\n\t\t\t\t<div class=\"elementor-element elementor-element-adb3cca elementor-widget elementor-widget-spacer\" data-id=\"adb3cca\" data-element_type=\"widget\" data-widget_type=\"spacer.default\">\n\t\t\t\t<div class=\"elementor-widget-container\">\n\t\t\t\t\t<div class=\"elementor-spacer\">\n\t\t\t<div class=\"elementor-spacer-inner\"><\/div>\n\t\t<\/div>\n\t\t\t\t<\/div>\n\t\t\t\t<\/div>\n\t\t\t\t\t<\/div>\n\t\t\t\t<\/div>\n\t\t\t\t\t<\/div>\n\t\t\t\t<\/div>\n\t\t\t\t<\/div>\n\t\t","protected":false},"excerpt":{"rendered":"<p>Erz\u00e4hlen Sie uns \u00fcber Ihr Projekt Standort ul. Krochmalna 24 lok. 12 20-401 Lublin, Polska lass uns reden +48 22 300 12 15 wir arbeiten pon. &#8211; pt.: 8 &#8211; 16 LINKEDIN X facebook office@hubnpd.food office@hubnpd.food Wir realisieren Ihr Projekt Twoje imi\u0119 i nazwisko Tw\u00f3j adres e-mail Tw\u00f3j numer telefonu (pami\u0119taj o numerze kierunkowym kraju) [&hellip;]<\/p>\n","protected":false},"author":1,"featured_media":0,"parent":0,"menu_order":0,"comment_status":"closed","ping_status":"closed","template":"","meta":{"footnotes":""},"class_list":["post-5056","page","type-page","status-publish","hentry"],"yoast_head":"<!-- This site is optimized with the Yoast SEO plugin v23.9 - https:\/\/yoast.com\/wordpress\/plugins\/seo\/ -->\n<title>Kontakt - HUBNPD<\/title>\n<meta name=\"robots\" content=\"index, follow, max-snippet:-1, max-image-preview:large, max-video-preview:-1\" \/>\n<link rel=\"canonical\" href=\"https:\/\/hubnpd.food\/kontakt\/\" \/>\n<meta property=\"og:locale\" content=\"de_DE\" \/>\n<meta property=\"og:type\" content=\"article\" \/>\n<meta property=\"og:title\" content=\"Kontakt - HUBNPD\" \/>\n<meta property=\"og:description\" content=\"Erz\u00e4hlen Sie uns \u00fcber Ihr Projekt Standort ul. Krochmalna 24 lok. 12 20-401 Lublin, Polska lass uns reden +48 22 300 12 15 wir arbeiten pon. &#8211; pt.: 8 &#8211; 16 LINKEDIN X facebook office@hubnpd.food office@hubnpd.food Wir realisieren Ihr Projekt Twoje imi\u0119 i nazwisko Tw\u00f3j adres e-mail Tw\u00f3j numer telefonu (pami\u0119taj o numerze kierunkowym kraju) [&hellip;]\" \/>\n<meta property=\"og:url\" content=\"https:\/\/hubnpd.food\/kontakt\/\" \/>\n<meta property=\"og:site_name\" content=\"HUBNPD\" \/>\n<meta property=\"article:publisher\" content=\"https:\/\/www.facebook.com\/HUBNPD\/\" \/>\n<meta property=\"article:modified_time\" content=\"2025-09-07T16:16:17+00:00\" \/>\n<meta name=\"twitter:card\" content=\"summary_large_image\" \/>\n<meta name=\"twitter:site\" content=\"@hubnpd\" \/>\n<meta name=\"twitter:label1\" content=\"Gesch\u00e4tzte Lesezeit\" \/>\n\t<meta name=\"twitter:data1\" content=\"1 Minute\" \/>\n<script type=\"application\/ld+json\" class=\"yoast-schema-graph\">{\"@context\":\"https:\/\/schema.org\",\"@graph\":[{\"@type\":\"WebPage\",\"@id\":\"https:\/\/hubnpd.food\/kontakt\/\",\"url\":\"https:\/\/hubnpd.food\/kontakt\/\",\"name\":\"Kontakt - HUBNPD\",\"isPartOf\":{\"@id\":\"https:\/\/hubnpd.food\/#website\"},\"datePublished\":\"2023-12-25T11:58:08+00:00\",\"dateModified\":\"2025-09-07T16:16:17+00:00\",\"breadcrumb\":{\"@id\":\"https:\/\/hubnpd.food\/kontakt\/#breadcrumb\"},\"inLanguage\":\"de\",\"potentialAction\":[{\"@type\":\"ReadAction\",\"target\":[\"https:\/\/hubnpd.food\/kontakt\/\"]}]},{\"@type\":\"BreadcrumbList\",\"@id\":\"https:\/\/hubnpd.food\/kontakt\/#breadcrumb\",\"itemListElement\":[{\"@type\":\"ListItem\",\"position\":1,\"name\":\"Strona g\u0142\u00f3wna\",\"item\":\"https:\/\/hubnpd.food\/de\/\"},{\"@type\":\"ListItem\",\"position\":2,\"name\":\"Kontakt\"}]},{\"@type\":\"WebSite\",\"@id\":\"https:\/\/hubnpd.food\/#website\",\"url\":\"https:\/\/hubnpd.food\/\",\"name\":\"HUBNPD\",\"description\":\"YOUR NPD PARTNER\",\"publisher\":{\"@id\":\"https:\/\/hubnpd.food\/#organization\"},\"alternateName\":\"CENTRUM INNOWACJI SPO\u017bYWCZYCH\",\"potentialAction\":[{\"@type\":\"SearchAction\",\"target\":{\"@type\":\"EntryPoint\",\"urlTemplate\":\"https:\/\/hubnpd.food\/?s={search_term_string}\"},\"query-input\":{\"@type\":\"PropertyValueSpecification\",\"valueRequired\":true,\"valueName\":\"search_term_string\"}}],\"inLanguage\":\"de\"},{\"@type\":\"Organization\",\"@id\":\"https:\/\/hubnpd.food\/#organization\",\"name\":\"HUBNPD\",\"alternateName\":\"CENTURM INNOWACJI SPO\u017bYWCZYCH\",\"url\":\"https:\/\/hubnpd.food\/\",\"logo\":{\"@type\":\"ImageObject\",\"inLanguage\":\"de\",\"@id\":\"https:\/\/hubnpd.food\/#\/schema\/logo\/image\/\",\"url\":\"https:\/\/hubnpd.food\/wp-content\/uploads\/2024\/11\/cropped-unnamed.png\",\"contentUrl\":\"https:\/\/hubnpd.food\/wp-content\/uploads\/2024\/11\/cropped-unnamed.png\",\"width\":512,\"height\":512,\"caption\":\"HUBNPD\"},\"image\":{\"@id\":\"https:\/\/hubnpd.food\/#\/schema\/logo\/image\/\"},\"sameAs\":[\"https:\/\/www.facebook.com\/HUBNPD\/\",\"https:\/\/x.com\/hubnpd\"]}]}<\/script>\n<!-- \/ Yoast SEO plugin. -->","yoast_head_json":{"title":"Kontakt - HUBNPD","robots":{"index":"index","follow":"follow","max-snippet":"max-snippet:-1","max-image-preview":"max-image-preview:large","max-video-preview":"max-video-preview:-1"},"canonical":"https:\/\/hubnpd.food\/kontakt\/","og_locale":"de_DE","og_type":"article","og_title":"Kontakt - HUBNPD","og_description":"Erz\u00e4hlen Sie uns \u00fcber Ihr Projekt Standort ul. Krochmalna 24 lok. 12 20-401 Lublin, Polska lass uns reden +48 22 300 12 15 wir arbeiten pon. &#8211; pt.: 8 &#8211; 16 LINKEDIN X facebook office@hubnpd.food office@hubnpd.food Wir realisieren Ihr Projekt Twoje imi\u0119 i nazwisko Tw\u00f3j adres e-mail Tw\u00f3j numer telefonu (pami\u0119taj o numerze kierunkowym kraju) [&hellip;]","og_url":"https:\/\/hubnpd.food\/kontakt\/","og_site_name":"HUBNPD","article_publisher":"https:\/\/www.facebook.com\/HUBNPD\/","article_modified_time":"2025-09-07T16:16:17+00:00","twitter_card":"summary_large_image","twitter_site":"@hubnpd","twitter_misc":{"Gesch\u00e4tzte Lesezeit":"1 Minute"},"schema":{"@context":"https:\/\/schema.org","@graph":[{"@type":"WebPage","@id":"https:\/\/hubnpd.food\/kontakt\/","url":"https:\/\/hubnpd.food\/kontakt\/","name":"Kontakt - HUBNPD","isPartOf":{"@id":"https:\/\/hubnpd.food\/#website"},"datePublished":"2023-12-25T11:58:08+00:00","dateModified":"2025-09-07T16:16:17+00:00","breadcrumb":{"@id":"https:\/\/hubnpd.food\/kontakt\/#breadcrumb"},"inLanguage":"de","potentialAction":[{"@type":"ReadAction","target":["https:\/\/hubnpd.food\/kontakt\/"]}]},{"@type":"BreadcrumbList","@id":"https:\/\/hubnpd.food\/kontakt\/#breadcrumb","itemListElement":[{"@type":"ListItem","position":1,"name":"Strona g\u0142\u00f3wna","item":"https:\/\/hubnpd.food\/de\/"},{"@type":"ListItem","position":2,"name":"Kontakt"}]},{"@type":"WebSite","@id":"https:\/\/hubnpd.food\/#website","url":"https:\/\/hubnpd.food\/","name":"HUBNPD","description":"YOUR NPD PARTNER","publisher":{"@id":"https:\/\/hubnpd.food\/#organization"},"alternateName":"CENTRUM INNOWACJI SPO\u017bYWCZYCH","potentialAction":[{"@type":"SearchAction","target":{"@type":"EntryPoint","urlTemplate":"https:\/\/hubnpd.food\/?s={search_term_string}"},"query-input":{"@type":"PropertyValueSpecification","valueRequired":true,"valueName":"search_term_string"}}],"inLanguage":"de"},{"@type":"Organization","@id":"https:\/\/hubnpd.food\/#organization","name":"HUBNPD","alternateName":"CENTURM INNOWACJI SPO\u017bYWCZYCH","url":"https:\/\/hubnpd.food\/","logo":{"@type":"ImageObject","inLanguage":"de","@id":"https:\/\/hubnpd.food\/#\/schema\/logo\/image\/","url":"https:\/\/hubnpd.food\/wp-content\/uploads\/2024\/11\/cropped-unnamed.png","contentUrl":"https:\/\/hubnpd.food\/wp-content\/uploads\/2024\/11\/cropped-unnamed.png","width":512,"height":512,"caption":"HUBNPD"},"image":{"@id":"https:\/\/hubnpd.food\/#\/schema\/logo\/image\/"},"sameAs":["https:\/\/www.facebook.com\/HUBNPD\/","https:\/\/x.com\/hubnpd"]}]}},"_links":{"self":[{"href":"https:\/\/hubnpd.food\/de\/wp-json\/wp\/v2\/pages\/5056","targetHints":{"allow":["GET"]}}],"collection":[{"href":"https:\/\/hubnpd.food\/de\/wp-json\/wp\/v2\/pages"}],"about":[{"href":"https:\/\/hubnpd.food\/de\/wp-json\/wp\/v2\/types\/page"}],"author":[{"embeddable":true,"href":"https:\/\/hubnpd.food\/de\/wp-json\/wp\/v2\/users\/1"}],"replies":[{"embeddable":true,"href":"https:\/\/hubnpd.food\/de\/wp-json\/wp\/v2\/comments?post=5056"}],"version-history":[{"count":10,"href":"https:\/\/hubnpd.food\/de\/wp-json\/wp\/v2\/pages\/5056\/revisions"}],"predecessor-version":[{"id":5516,"href":"https:\/\/hubnpd.food\/de\/wp-json\/wp\/v2\/pages\/5056\/revisions\/5516"}],"wp:attachment":[{"href":"https:\/\/hubnpd.food\/de\/wp-json\/wp\/v2\/media?parent=5056"}],"curies":[{"name":"wp","href":"https:\/\/api.w.org\/{rel}","templated":true}]}}